{"id":86064,"date":"2025-05-02T15:09:53","date_gmt":"2025-05-02T22:09:53","guid":{"rendered":"https:\/\/www.sfspca.org\/?page_id=86064"},"modified":"2026-04-03T17:45:01","modified_gmt":"2026-04-04T00:45:01","slug":"formulario-de-terapia-asistida-por-animales-7","status":"publish","type":"page","link":"https:\/\/www.sfspca.org\/es\/formulario-de-terapia-asistida-por-animales-7\/","title":{"rendered":"Formulario de terapia asistida por animales"},"content":{"rendered":"","protected":true},"excerpt":{"rendered":"","protected":true},"author":2,"featured_media":0,"parent":0,"menu_order":0,"comment_status":"closed","ping_status":"closed","template":"","meta":{"_acf_changed":false,"om_disable_all_campaigns":false,"_relevanssi_hide_post":"","_relevanssi_hide_content":"","_relevanssi_pin_for_all":"","_relevanssi_pin_keywords":"","_relevanssi_unpin_keywords":"","_relevanssi_related_keywords":"","_relevanssi_related_include_ids":"","_relevanssi_related_exclude_ids":"","_relevanssi_related_no_append":"","_relevanssi_related_not_related":"","_relevanssi_related_posts":"","_relevanssi_noindex_reason":"","_price":"","_stock":"","_tribe_ticket_header":"","_tribe_default_ticket_provider":"","_tribe_ticket_capacity":"0","_ticket_start_date":"","_ticket_end_date":"","_tribe_ticket_show_description":"","_tribe_ticket_show_not_going":false,"_tribe_ticket_use_global_stock":"","_tribe_ticket_global_stock_level":"","_global_stock_mode":"","_global_stock_cap":"","_tribe_rsvp_for_event":"","_tribe_ticket_going_count":"","_tribe_ticket_not_going_count":"","_tribe_tickets_list":"[]","_tribe_ticket_has_attendee_info_fields":false,"footnotes":"","_tec_slr_enabled":"","_tec_slr_layout":""},"class_list":["post-86064","page","type-page","status-publish","post-password-required","hentry"],"acf":[],"yoast_head":"<!-- This site is optimized with the Yoast SEO plugin v27.2 - https:\/\/yoast.com\/product\/yoast-seo-wordpress\/ -->\n<title>Formulario de terapia asistida por animales - San Francisco SPCA<\/title>\n<meta name=\"description\" content=\"Env\u00eda la solicitud de tu organizaci\u00f3n para una visita de Terapia Asistida por Animales (TAA) con detalles sobre c\u00f3mo beneficiar\u00eda a tu organizaci\u00f3n.\" \/>\n<meta name=\"robots\" content=\"index, follow, max-snippet:-1, max-image-preview:large, max-video-preview:-1\" \/>\n<link rel=\"canonical\" href=\"https:\/\/www.sfspca.org\/es\/formulario-de-terapia-asistida-por-animales-7\/\" \/>\n<meta property=\"og:locale\" content=\"es_ES\" \/>\n<meta property=\"og:type\" content=\"article\" \/>\n<meta property=\"og:title\" content=\"Formulario de terapia asistida por animales - San Francisco SPCA\" \/>\n<meta property=\"og:description\" content=\"Env\u00eda la solicitud de tu organizaci\u00f3n para una visita de Terapia Asistida por Animales (TAA) con detalles sobre c\u00f3mo beneficiar\u00eda a tu organizaci\u00f3n.\" \/>\n<meta property=\"og:url\" content=\"https:\/\/www.sfspca.org\/es\/formulario-de-terapia-asistida-por-animales-7\/\" \/>\n<meta property=\"og:site_name\" content=\"San Francisco SPCA\" \/>\n<meta property=\"article:publisher\" content=\"https:\/\/www.facebook.com\/SFSPCA\" \/>\n<meta property=\"article:modified_time\" content=\"2026-04-04T00:45:01+00:00\" \/>\n<meta name=\"twitter:card\" content=\"summary_large_image\" \/>\n<meta name=\"twitter:site\" content=\"@sfspca\" \/>\n<script type=\"application\/ld+json\" class=\"yoast-schema-graph\">{\"@context\":\"https:\/\/schema.org\",\"@graph\":[{\"@type\":\"WebPage\",\"@id\":\"https:\/\/www.sfspca.org\/es\/formulario-de-terapia-asistida-por-animales-7\/\",\"url\":\"https:\/\/www.sfspca.org\/es\/formulario-de-terapia-asistida-por-animales-7\/\",\"name\":\"Formulario de terapia asistida por animales - San Francisco SPCA\",\"isPartOf\":{\"@id\":\"https:\/\/www.sfspca.org\/es\/#website\"},\"datePublished\":\"2025-05-02T22:09:53+00:00\",\"dateModified\":\"2026-04-04T00:45:01+00:00\",\"breadcrumb\":{\"@id\":\"https:\/\/www.sfspca.org\/es\/formulario-de-terapia-asistida-por-animales-7\/#breadcrumb\"},\"inLanguage\":\"es\"},{\"@type\":\"WebSite\",\"@id\":\"https:\/\/www.sfspca.org\/es\/#website\",\"url\":\"https:\/\/www.sfspca.org\/es\/\",\"name\":\"San Francisco SPCA\",\"description\":\"Caring for Animals Since 1868\",\"publisher\":{\"@id\":\"https:\/\/www.sfspca.org\/es\/#organization\"},\"potentialAction\":[{\"@type\":\"SearchAction\",\"target\":{\"@type\":\"EntryPoint\",\"urlTemplate\":\"https:\/\/www.sfspca.org\/es\/?s={search_term_string}\"},\"query-input\":{\"@type\":\"PropertyValueSpecification\",\"valueRequired\":true,\"valueName\":\"search_term_string\"}}],\"inLanguage\":\"es\"},{\"@type\":\"Organization\",\"@id\":\"https:\/\/www.sfspca.org\/es\/#organization\",\"name\":\"San Francisco SPCA\",\"alternateName\":\"SF SPCA\",\"url\":\"https:\/\/www.sfspca.org\/es\/\",\"logo\":{\"@type\":\"ImageObject\",\"inLanguage\":\"es\",\"@id\":\"https:\/\/www.sfspca.org\/es\/#\/schema\/logo\/image\/\",\"url\":\"https:\/\/www.sfspca.org\/wp-content\/uploads\/2022\/11\/SFSPCA-logo.png\",\"contentUrl\":\"https:\/\/www.sfspca.org\/wp-content\/uploads\/2022\/11\/SFSPCA-logo.png\",\"width\":469,\"height\":108,\"caption\":\"San Francisco SPCA\"},\"image\":{\"@id\":\"https:\/\/www.sfspca.org\/es\/#\/schema\/logo\/image\/\"},\"sameAs\":[\"https:\/\/www.facebook.com\/SFSPCA\",\"https:\/\/x.com\/sfspca\",\"http:\/\/instagram.com\/sanfranciscospca\",\"https:\/\/www.youtube.com\/user\/SanFranciscoSPCA\/\",\"https:\/\/www.linkedin.com\/company\/sfspca\"]}]}<\/script>\n<!-- \/ Yoast SEO plugin. -->","yoast_head_json":{"title":"Formulario de terapia asistida por animales - San Francisco SPCA","description":"Env\u00eda la solicitud de tu organizaci\u00f3n para una visita de Terapia Asistida por Animales (TAA) con detalles sobre c\u00f3mo beneficiar\u00eda a tu organizaci\u00f3n.","robots":{"index":"index","follow":"follow","max-snippet":"max-snippet:-1","max-image-preview":"max-image-preview:large","max-video-preview":"max-video-preview:-1"},"canonical":"https:\/\/www.sfspca.org\/es\/formulario-de-terapia-asistida-por-animales-7\/","og_locale":"es_ES","og_type":"article","og_title":"Formulario de terapia asistida por animales - San Francisco SPCA","og_description":"Env\u00eda la solicitud de tu organizaci\u00f3n para una visita de Terapia Asistida por Animales (TAA) con detalles sobre c\u00f3mo beneficiar\u00eda a tu organizaci\u00f3n.","og_url":"https:\/\/www.sfspca.org\/es\/formulario-de-terapia-asistida-por-animales-7\/","og_site_name":"San Francisco SPCA","article_publisher":"https:\/\/www.facebook.com\/SFSPCA","article_modified_time":"2026-04-04T00:45:01+00:00","twitter_card":"summary_large_image","twitter_site":"@sfspca","schema":{"@context":"https:\/\/schema.org","@graph":[{"@type":"WebPage","@id":"https:\/\/www.sfspca.org\/es\/formulario-de-terapia-asistida-por-animales-7\/","url":"https:\/\/www.sfspca.org\/es\/formulario-de-terapia-asistida-por-animales-7\/","name":"Formulario de terapia asistida por animales - San Francisco SPCA","isPartOf":{"@id":"https:\/\/www.sfspca.org\/es\/#website"},"datePublished":"2025-05-02T22:09:53+00:00","dateModified":"2026-04-04T00:45:01+00:00","breadcrumb":{"@id":"https:\/\/www.sfspca.org\/es\/formulario-de-terapia-asistida-por-animales-7\/#breadcrumb"},"inLanguage":"es"},{"@type":"WebSite","@id":"https:\/\/www.sfspca.org\/es\/#website","url":"https:\/\/www.sfspca.org\/es\/","name":"San Francisco SPCA","description":"Caring for Animals Since 1868","publisher":{"@id":"https:\/\/www.sfspca.org\/es\/#organization"},"potentialAction":[{"@type":"SearchAction","target":{"@type":"EntryPoint","urlTemplate":"https:\/\/www.sfspca.org\/es\/?s={search_term_string}"},"query-input":{"@type":"PropertyValueSpecification","valueRequired":true,"valueName":"search_term_string"}}],"inLanguage":"es"},{"@type":"Organization","@id":"https:\/\/www.sfspca.org\/es\/#organization","name":"San Francisco SPCA","alternateName":"SF SPCA","url":"https:\/\/www.sfspca.org\/es\/","logo":{"@type":"ImageObject","inLanguage":"es","@id":"https:\/\/www.sfspca.org\/es\/#\/schema\/logo\/image\/","url":"https:\/\/www.sfspca.org\/wp-content\/uploads\/2022\/11\/SFSPCA-logo.png","contentUrl":"https:\/\/www.sfspca.org\/wp-content\/uploads\/2022\/11\/SFSPCA-logo.png","width":469,"height":108,"caption":"San Francisco SPCA"},"image":{"@id":"https:\/\/www.sfspca.org\/es\/#\/schema\/logo\/image\/"},"sameAs":["https:\/\/www.facebook.com\/SFSPCA","https:\/\/x.com\/sfspca","http:\/\/instagram.com\/sanfranciscospca","https:\/\/www.youtube.com\/user\/SanFranciscoSPCA\/","https:\/\/www.linkedin.com\/company\/sfspca"]}]}},"ticketed":false,"_links":{"self":[{"href":"https:\/\/www.sfspca.org\/es\/wp-json\/wp\/v2\/pages\/86064","targetHints":{"allow":["GET"]}}],"collection":[{"href":"https:\/\/www.sfspca.org\/es\/wp-json\/wp\/v2\/pages"}],"about":[{"href":"https:\/\/www.sfspca.org\/es\/wp-json\/wp\/v2\/types\/page"}],"author":[{"embeddable":true,"href":"https:\/\/www.sfspca.org\/es\/wp-json\/wp\/v2\/users\/2"}],"replies":[{"embeddable":true,"href":"https:\/\/www.sfspca.org\/es\/wp-json\/wp\/v2\/comments?post=86064"}],"version-history":[{"count":1,"href":"https:\/\/www.sfspca.org\/es\/wp-json\/wp\/v2\/pages\/86064\/revisions"}],"predecessor-version":[{"id":128975,"href":"https:\/\/www.sfspca.org\/es\/wp-json\/wp\/v2\/pages\/86064\/revisions\/128975"}],"wp:attachment":[{"href":"https:\/\/www.sfspca.org\/es\/wp-json\/wp\/v2\/media?parent=86064"}],"curies":[{"name":"wp","href":"https:\/\/api.w.org\/{rel}","templated":true}]}}