{"id":75260,"date":"2025-01-17T09:59:11","date_gmt":"2025-01-17T17:59:11","guid":{"rendered":"https:\/\/www.sfspca.org\/?page_id=75260"},"modified":"2025-01-17T09:59:11","modified_gmt":"2025-01-17T17:59:11","slug":"suscripcion-al-correo-electronico-de-oportunidades-laborales-3","status":"publish","type":"page","link":"https:\/\/www.sfspca.org\/es\/suscripcion-al-correo-electronico-de-oportunidades-laborales-3\/","title":{"rendered":"Suscripci\u00f3n al correo electr\u00f3nico de oportunidades laborales"},"content":{"rendered":"\t\t<div data-elementor-type=\"wp-page\" data-elementor-id=\"75260\" class=\"elementor elementor-75260 elementor-75259\" data-elementor-post-type=\"page\">\n\t\t\t\t\t\t<section class=\"elementor-section elementor-top-section elementor-element elementor-element-247c8fb elementor-section-boxed elementor-section-height-default elementor-section-height-default\" data-id=\"247c8fb\" data-element_type=\"section\" data-e-type=\"section\">\n\t\t\t\t\t\t<div class=\"elementor-container elementor-column-gap-default\">\n\t\t\t\t\t<div class=\"elementor-column elementor-col-100 elementor-top-column elementor-element elementor-element-07da430\" data-id=\"07da430\" data-element_type=\"column\" data-e-type=\"column\">\n\t\t\t<div class=\"elementor-widget-wrap elementor-element-populated\">\n\t\t\t\t\t\t<div class=\"elementor-element elementor-element-568a4fe elementor-widget elementor-widget-heading\" data-id=\"568a4fe\" data-element_type=\"widget\" data-e-type=\"widget\" data-widget_type=\"heading.default\">\n\t\t\t\t<div class=\"elementor-widget-container\">\n\t\t\t\t\t<h2 class=\"elementor-heading-title elementor-size-default\">\u00a1Post\u00falate ahora para las oportunidades laborales de la SF SPCA!<\/h2>\t\t\t\t<\/div>\n\t\t\t\t<\/div>\n\t\t\t\t<div class=\"elementor-element elementor-element-cd4b1bd elementor-widget elementor-widget-text-editor\" data-id=\"cd4b1bd\" data-element_type=\"widget\" data-e-type=\"widget\" data-widget_type=\"text-editor.default\">\n\t\t\t\t<div class=\"elementor-widget-container\">\n\t\t\t\t\t\t\t\t\t<p><strong>Suscr\u00edbete a nuestra lista de correo electr\u00f3nico hoy mismo<\/strong> para recibir actualizaciones exclusivas sobre nuestras oportunidades laborales, para que puedas formar parte de nuestro equipo comprometido y trabajar por un mundo m\u00e1s compasivo con los animales.<\/p>\n\t\t\t\t\t\t\t\t<\/div>\n\t\t\t\t<\/div>\n\t\t\t\t<div class=\"elementor-element elementor-element-b73e519 elementor-widget elementor-widget-shortcode\" data-id=\"b73e519\" data-element_type=\"widget\" data-e-type=\"widget\" data-widget_type=\"shortcode.default\">\n\t\t\t\t<div class=\"elementor-widget-container\">\n\t\t\t\t\t\t\t<div class=\"elementor-shortcode\"><script>\nvar gform;gform||(document.addEventListener(\"gform_main_scripts_loaded\",function(){gform.scriptsLoaded=!0}),document.addEventListener(\"gform\/theme\/scripts_loaded\",function(){gform.themeScriptsLoaded=!0}),window.addEventListener(\"DOMContentLoaded\",function(){gform.domLoaded=!0}),gform={domLoaded:!1,scriptsLoaded:!1,themeScriptsLoaded:!1,isFormEditor:()=>\"function\"==typeof InitializeEditor,callIfLoaded:function(o){return!(!gform.domLoaded||!gform.scriptsLoaded||!gform.themeScriptsLoaded&&!gform.isFormEditor()||(gform.isFormEditor()&&console.warn(\"The use of gform.initializeOnLoaded() is deprecated in the form editor context and will be removed in Gravity Forms 3.1.\"),o(),0))},initializeOnLoaded:function(o){gform.callIfLoaded(o)||(document.addEventListener(\"gform_main_scripts_loaded\",()=>{gform.scriptsLoaded=!0,gform.callIfLoaded(o)}),document.addEventListener(\"gform\/theme\/scripts_loaded\",()=>{gform.themeScriptsLoaded=!0,gform.callIfLoaded(o)}),window.addEventListener(\"DOMContentLoaded\",()=>{gform.domLoaded=!0,gform.callIfLoaded(o)}))},hooks:{action:{},filter:{}},addAction:function(o,r,e,t){gform.addHook(\"action\",o,r,e,t)},addFilter:function(o,r,e,t){gform.addHook(\"filter\",o,r,e,t)},doAction:function(o){gform.doHook(\"action\",o,arguments)},applyFilters:function(o){return gform.doHook(\"filter\",o,arguments)},removeAction:function(o,r){gform.removeHook(\"action\",o,r)},removeFilter:function(o,r,e){gform.removeHook(\"filter\",o,r,e)},addHook:function(o,r,e,t,n){null==gform.hooks[o][r]&&(gform.hooks[o][r]=[]);var d=gform.hooks[o][r];null==n&&(n=r+\"_\"+d.length),gform.hooks[o][r].push({tag:n,callable:e,priority:t=null==t?10:t})},doHook:function(r,o,e){var t;if(e=Array.prototype.slice.call(e,1),null!=gform.hooks[r][o]&&((o=gform.hooks[r][o]).sort(function(o,r){return o.priority-r.priority}),o.forEach(function(o){\"function\"!=typeof(t=o.callable)&&(t=window[t]),\"action\"==r?t.apply(null,e):e[0]=t.apply(null,e)})),\"filter\"==r)return e[0]},removeHook:function(o,r,t,n){var e;null!=gform.hooks[o][r]&&(e=(e=gform.hooks[o][r]).filter(function(o,r,e){return!!(null!=n&&n!=o.tag||null!=t&&t!=o.priority)}),gform.hooks[o][r]=e)}});\n<\/script>\n\n                <div class='gf_browser_gecko gform_wrapper gravity-theme gform-theme--no-framework' data-form-theme='gravity-theme' data-form-index='0' id='gform_wrapper_49' >\n                        <div class='gform_heading'>\n                            <p class='gform_description'><\/p>\n                        <\/div><form method='post' enctype='multipart\/form-data'  id='gform_49'  action='\/es\/wp-json\/wp\/v2\/pages\/75260' data-formid='49' novalidate>\n                        <div class='gform-body gform_body'><div id='gform_fields_49' class='gform_fields top_label form_sublabel_below description_below validation_below'><fieldset id=\"field_49_1\" class=\"gfield gfield--type-name gfield_contains_required field_sublabel_below gfield--no-description field_description_below field_validation_below gfield_visibility_visible\"  ><legend class='gfield_label gform-field-label gfield_label_before_complex' >Name<span class=\"gfield_required\"><span class=\"gfield_required gfield_required_text\">(Obligatorio)<\/span><\/span><\/legend><div class='ginput_complex ginput_container ginput_container--name no_prefix has_first_name no_middle_name has_last_name no_suffix gf_name_has_2 ginput_container_name gform-grid-row' id='input_49_1'>\n                            \n                            <span id='input_49_1_3_container' class='name_first gform-grid-col gform-grid-col--size-auto' >\n                                                    <input type='text' name='input_1.3' id='input_49_1_3' value=''   aria-required='true'     \/>\n                                                    <label for='input_49_1_3' class='gform-field-label gform-field-label--type-sub '>Nombre<\/label>\n                                                <\/span>\n                            \n                            <span id='input_49_1_6_container' class='name_last gform-grid-col gform-grid-col--size-auto' >\n                                                    <input type='text' name='input_1.6' id='input_49_1_6' value=''   aria-required='true'     \/>\n                                                    <label for='input_49_1_6' class='gform-field-label gform-field-label--type-sub '>Apellidos<\/label>\n                                                <\/span>\n                            \n                        <\/div><\/fieldset><div id=\"field_49_3\" class=\"gfield gfield--type-email gfield_contains_required field_sublabel_below gfield--no-description field_description_below field_validation_below gfield_visibility_visible\"  ><label class='gfield_label gform-field-label' for='input_49_3'>Email<span class=\"gfield_required\"><span class=\"gfield_required gfield_required_text\">(Obligatorio)<\/span><\/span><\/label><div class='ginput_container ginput_container_email'>\n                            <input name='input_3' id='input_49_3' type='email' value='' class='large'    aria-required=\"true\" aria-invalid=\"false\"  \/>\n                        <\/div><\/div><fieldset id=\"field_49_4\" class=\"gfield gfield--type-address gfield_contains_required field_sublabel_below gfield--no-description field_description_below field_validation_below gfield_visibility_visible\"  ><legend class='gfield_label gform-field-label gfield_label_before_complex' >Location<span class=\"gfield_required\"><span class=\"gfield_required gfield_required_text\">(Obligatorio)<\/span><\/span><\/legend>    \n                    <div class='ginput_complex ginput_container has_zip ginput_container_address gform-grid-row' id='input_49_4' >\n                        <input type='hidden' class='gform_hidden' name='input_4.4' id='input_49_4_4' value=''\/><span class='ginput_right address_zip ginput_address_zip gform-grid-col' id='input_49_4_5_container' >\n                                    <input type='text' name='input_4.5' id='input_49_4_5' value=''    aria-required='true'    \/>\n                                    <label for='input_49_4_5' id='input_49_4_5_label' class='gform-field-label gform-field-label--type-sub '>ZIP \/ C\u00f3digo Postal<\/label>\n                                <\/span><input type='hidden' class='gform_hidden' name='input_4.6' id='input_49_4_6' value='' \/>\n                    <div class='gf_clear gf_clear_complex'><\/div>\n                <\/div><\/fieldset><div id=\"field_49_5\" class=\"gfield gfield--type-hidden gfield--width-full gform_hidden field_sublabel_below gfield--no-description field_description_below field_validation_below gfield_visibility_visible\"  ><div class='ginput_container ginput_container_text'><input name='input_5' id='input_49_5' type='hidden' class='gform_hidden'  aria-invalid=\"false\" value='true' \/><\/div><\/div><\/div><\/div>\n        <div class='gform-footer gform_footer top_label'> <input type='submit' id='gform_submit_button_49' class='gform_button button' onclick='gform.submission.handleButtonClick(this);' data-submission-type='submit' value='Enviar'  \/> \n            <input type='hidden' class='gform_hidden' name='gform_submission_method' data-js='gform_submission_method_49' value='postback' \/>\n            <input type='hidden' class='gform_hidden' name='gform_theme' data-js='gform_theme_49' id='gform_theme_49' value='gravity-theme' \/>\n            <input type='hidden' class='gform_hidden' name='gform_style_settings' data-js='gform_style_settings_49' id='gform_style_settings_49' value='[]' \/>\n            <input type='hidden' class='gform_hidden' name='is_submit_49' value='1' \/>\n            <input type='hidden' class='gform_hidden' name='gform_submit' value='49' \/>\n            \n            <input type='hidden' class='gform_hidden' name='gform_currency' data-currency='USD' value='zMhgVEMmqe14nx5onTYAXEVGjvufpyiF2PeKEHoAgFqRDrMe6DshXS6W0Klu8kOn+TdWZMTSJG7m\/Lqo7DcGvmKSHgdoR4Ec0ux0AT1\/JjmEsqY=' \/>\n            <input type='hidden' class='gform_hidden' name='gform_unique_id' value='' \/>\n            <input type='hidden' class='gform_hidden' name='state_49' value='WyJbXSIsIjY0NzI3ZGUyZDY0NDNmZGFmZGJmMmQ2OGM2ZjBhZmU4Il0=' \/>\n            <input type='hidden' autocomplete='off' class='gform_hidden' name='gform_target_page_number_49' id='gform_target_page_number_49' value='0' \/>\n            <input type='hidden' autocomplete='off' class='gform_hidden' name='gform_source_page_number_49' id='gform_source_page_number_49' value='1' \/>\n            <input type='hidden' name='gform_field_values' value='' \/>\n            \n        <\/div>\n                        <input type=\"hidden\" id=\"ct_checkjs_58ae749f25eded36f486bc85feb3f0ab\" name=\"ct_checkjs\" value=\"0\" \/><script >setTimeout(function(){var ct_input_name = \"ct_checkjs_58ae749f25eded36f486bc85feb3f0ab\";if (document.getElementById(ct_input_name) !== null) {var ct_input_value = document.getElementById(ct_input_name).value;document.getElementById(ct_input_name).value = document.getElementById(ct_input_name).value.replace(ct_input_value, '7226bbdc87a735f9addd7705078b94b111dc6c898040d27ca78c9d30ca14e356');}}, 1000);<\/script><input\n                    class=\"apbct_special_field apbct_email_id__gravity_form\"\n                    name=\"apbct__email_id__gravity_form\"\n                    aria-label=\"apbct__label_id__gravity_form\"\n                    type=\"text\" size=\"30\" maxlength=\"200\" autocomplete=\"off\"\n                    value=\"\"\n                \/><input\n                    class=\"apbct_special_field apbct_email_id__elementor_form\"\n                    name=\"apbct__email_id__elementor_form\"\n                    aria-label=\"apbct__label_id__elementor_form\"\n                    type=\"text\" size=\"30\" maxlength=\"200\" autocomplete=\"off\"\n                    value=\"\"\n                \/><\/form>\n                        <\/div><script>\ngform.initializeOnLoaded( function() {gformInitSpinner( 49, 'https:\/\/www.sfspca.org\/wp-content\/plugins\/gravityforms\/images\/spinner.svg', true );jQuery('#gform_ajax_frame_49').on('load',function(){var contents = jQuery(this).contents().find('*').html();var is_postback = contents.indexOf('GF_AJAX_POSTBACK') >= 0;if(!is_postback){return;}var form_content = jQuery(this).contents().find('#gform_wrapper_49');var is_confirmation = jQuery(this).contents().find('#gform_confirmation_wrapper_49').length > 0;var is_redirect = contents.indexOf('gformRedirect(){') >= 0;var is_form = form_content.length > 0 && ! is_redirect && ! is_confirmation;var mt = parseInt(jQuery('html').css('margin-top'), 10) + parseInt(jQuery('body').css('margin-top'), 10) + 100;if(is_form){jQuery('#gform_wrapper_49').html(form_content.html());if(form_content.hasClass('gform_validation_error')){jQuery('#gform_wrapper_49').addClass('gform_validation_error');} else {jQuery('#gform_wrapper_49').removeClass('gform_validation_error');}setTimeout( function() { \/* delay the scroll by 50 milliseconds to fix a bug in chrome *\/  }, 50 );if(window['gformInitDatepicker']) {gformInitDatepicker();}if(window['gformInitPriceFields']) {gformInitPriceFields();}var current_page = jQuery('#gform_source_page_number_49').val();gformInitSpinner( 49, 'https:\/\/www.sfspca.org\/wp-content\/plugins\/gravityforms\/images\/spinner.svg', true );jQuery(document).trigger('gform_page_loaded', [49, current_page]);window['gf_submitting_49'] = false;}else if(!is_redirect){var confirmation_content = jQuery(this).contents().find('.GF_AJAX_POSTBACK').html();if(!confirmation_content){confirmation_content = contents;}jQuery('#gform_wrapper_49').replaceWith(confirmation_content);jQuery(document).trigger('gform_confirmation_loaded', [49]);window['gf_submitting_49'] = false;wp.a11y.speak(jQuery('#gform_confirmation_message_49').text());}else{jQuery('#gform_49').append(contents);if(window['gformRedirect']) {gformRedirect();}}jQuery(document).trigger(\"gform_pre_post_render\", [{ formId: \"49\", currentPage: \"current_page\", abort: function() { this.preventDefault(); } }]);        if (event && event.defaultPrevented) {                return;        }        const gformWrapperDiv = document.getElementById( \"gform_wrapper_49\" );        if ( gformWrapperDiv ) {            const visibilitySpan = document.createElement( \"span\" );            visibilitySpan.id = \"gform_visibility_test_49\";            gformWrapperDiv.insertAdjacentElement( \"afterend\", visibilitySpan );        }        const visibilityTestDiv = document.getElementById( \"gform_visibility_test_49\" );        let postRenderFired = false;        function triggerPostRender() {            if ( postRenderFired ) {                return;            }            postRenderFired = true;            gform.core.triggerPostRenderEvents( 49, current_page );            if ( visibilityTestDiv ) {                visibilityTestDiv.parentNode.removeChild( visibilityTestDiv );            }        }        function debounce( func, wait, immediate ) {            var timeout;            return function() {                var context = this, args = arguments;                var later = function() {                    timeout = null;                    if ( !immediate ) func.apply( context, args );                };                var callNow = immediate && !timeout;                clearTimeout( timeout );                timeout = setTimeout( later, wait );                if ( callNow ) func.apply( context, args );            };        }        const debouncedTriggerPostRender = debounce( function() {            triggerPostRender();        }, 200 );        if ( visibilityTestDiv && visibilityTestDiv.offsetParent === null ) {            const observer = new MutationObserver( ( mutations ) => {                mutations.forEach( ( mutation ) => {                    if ( mutation.type === 'attributes' && visibilityTestDiv.offsetParent !== null ) {                        debouncedTriggerPostRender();                        observer.disconnect();                    }                });            });            observer.observe( document.body, {                attributes: true,                childList: false,                subtree: true,                attributeFilter: [ 'style', 'class' ],            });        } else {            triggerPostRender();        }    } );} );\n<\/script>\n<\/div>\n\t\t\t\t\t\t<\/div>\n\t\t\t\t<\/div>\n\t\t\t\t\t<\/div>\n\t\t<\/div>\n\t\t\t\t\t<\/div>\n\t\t<\/section>\n\t\t\t\t<\/div>\n\t\t","protected":false},"excerpt":{"rendered":"<p>\u00a1Post\u00falate ahora para las oportunidades laborales de la SF SPCA! Suscr\u00edbete a nuestra lista de correo electr\u00f3nico hoy mismo para recibir actualizaciones exclusivas sobre nuestras oportunidades laborales, para que puedas [&hellip;]<\/p>\n","protected":false},"author":9,"featured_media":0,"parent":0,"menu_order":0,"comment_status":"closed","ping_status":"closed","template":"","meta":{"_acf_changed":false,"om_disable_all_campaigns":true,"_relevanssi_hide_post":"","_relevanssi_hide_content":"","_relevanssi_pin_for_all":"","_relevanssi_pin_keywords":"","_relevanssi_unpin_keywords":"","_relevanssi_related_keywords":"","_relevanssi_related_include_ids":"","_relevanssi_related_exclude_ids":"","_relevanssi_related_no_append":"","_relevanssi_related_not_related":"","_relevanssi_related_posts":"","_relevanssi_noindex_reason":"Relevanssi image attachment filter Yoast SEO Relevanssi index exclude","_price":"","_stock":"","_tribe_ticket_header":"","_tribe_default_ticket_provider":"","_tribe_ticket_capacity":"0","_ticket_start_date":"","_ticket_end_date":"","_tribe_ticket_show_description":"","_tribe_ticket_show_not_going":false,"_tribe_ticket_use_global_stock":"","_tribe_ticket_global_stock_level":"","_global_stock_mode":"","_global_stock_cap":"","_tribe_rsvp_for_event":"","_tribe_ticket_going_count":"","_tribe_ticket_not_going_count":"","_tribe_tickets_list":"[]","_tribe_ticket_has_attendee_info_fields":false,"footnotes":"","_tec_slr_enabled":"","_tec_slr_layout":""},"class_list":["post-75260","page","type-page","status-publish","hentry"],"acf":[],"yoast_head":"<!-- This site is optimized with the Yoast SEO plugin v27.2 - https:\/\/yoast.com\/product\/yoast-seo-wordpress\/ -->\n<title>Suscripci\u00f3n al correo electr\u00f3nico de oportunidades laborales - San Francisco SPCA<\/title>\n<meta name=\"robots\" content=\"noindex, nofollow\" \/>\n<meta property=\"og:locale\" content=\"es_ES\" \/>\n<meta property=\"og:type\" content=\"article\" \/>\n<meta property=\"og:title\" content=\"Suscripci\u00f3n al correo electr\u00f3nico de oportunidades laborales - San Francisco SPCA\" \/>\n<meta property=\"og:description\" content=\"\u00a1Post\u00falate ahora para las oportunidades laborales de la SF SPCA! Suscr\u00edbete a nuestra lista de correo electr\u00f3nico hoy mismo para recibir actualizaciones exclusivas sobre nuestras oportunidades laborales, para que puedas [&hellip;]\" \/>\n<meta property=\"og:url\" content=\"https:\/\/www.sfspca.org\/es\/suscripcion-al-correo-electronico-de-oportunidades-laborales-3\/\" \/>\n<meta property=\"og:site_name\" content=\"San Francisco SPCA\" \/>\n<meta property=\"article:publisher\" content=\"https:\/\/www.facebook.com\/SFSPCA\" \/>\n<meta name=\"twitter:card\" content=\"summary_large_image\" \/>\n<meta name=\"twitter:site\" content=\"@sfspca\" \/>\n<script type=\"application\/ld+json\" class=\"yoast-schema-graph\">{\"@context\":\"https:\/\/schema.org\",\"@graph\":[{\"@type\":\"WebPage\",\"@id\":\"https:\/\/www.sfspca.org\/es\/suscripcion-al-correo-electronico-de-oportunidades-laborales-3\/\",\"url\":\"https:\/\/www.sfspca.org\/es\/suscripcion-al-correo-electronico-de-oportunidades-laborales-3\/\",\"name\":\"Suscripci\u00f3n al correo electr\u00f3nico de oportunidades laborales - San Francisco SPCA\",\"isPartOf\":{\"@id\":\"https:\/\/www.sfspca.org\/es\/#website\"},\"datePublished\":\"2025-01-17T17:59:11+00:00\",\"breadcrumb\":{\"@id\":\"https:\/\/www.sfspca.org\/es\/suscripcion-al-correo-electronico-de-oportunidades-laborales-3\/#breadcrumb\"},\"inLanguage\":\"es\",\"potentialAction\":[{\"@type\":\"ReadAction\",\"target\":[\"https:\/\/www.sfspca.org\/es\/suscripcion-al-correo-electronico-de-oportunidades-laborales-3\/\"]}]},{\"@type\":\"BreadcrumbList\",\"@id\":\"https:\/\/www.sfspca.org\/es\/suscripcion-al-correo-electronico-de-oportunidades-laborales-3\/#breadcrumb\",\"itemListElement\":[{\"@type\":\"ListItem\",\"position\":1,\"name\":\"Home\",\"item\":\"https:\/\/www.sfspca.org\/es\/\"},{\"@type\":\"ListItem\",\"position\":2,\"name\":\"Suscripci\u00f3n al correo electr\u00f3nico de oportunidades laborales\"}]},{\"@type\":\"WebSite\",\"@id\":\"https:\/\/www.sfspca.org\/es\/#website\",\"url\":\"https:\/\/www.sfspca.org\/es\/\",\"name\":\"San Francisco SPCA\",\"description\":\"Caring for Animals Since 1868\",\"publisher\":{\"@id\":\"https:\/\/www.sfspca.org\/es\/#organization\"},\"potentialAction\":[{\"@type\":\"SearchAction\",\"target\":{\"@type\":\"EntryPoint\",\"urlTemplate\":\"https:\/\/www.sfspca.org\/es\/?s={search_term_string}\"},\"query-input\":{\"@type\":\"PropertyValueSpecification\",\"valueRequired\":true,\"valueName\":\"search_term_string\"}}],\"inLanguage\":\"es\"},{\"@type\":\"Organization\",\"@id\":\"https:\/\/www.sfspca.org\/es\/#organization\",\"name\":\"San Francisco SPCA\",\"alternateName\":\"SF SPCA\",\"url\":\"https:\/\/www.sfspca.org\/es\/\",\"logo\":{\"@type\":\"ImageObject\",\"inLanguage\":\"es\",\"@id\":\"https:\/\/www.sfspca.org\/es\/#\/schema\/logo\/image\/\",\"url\":\"https:\/\/www.sfspca.org\/wp-content\/uploads\/2022\/11\/SFSPCA-logo.png\",\"contentUrl\":\"https:\/\/www.sfspca.org\/wp-content\/uploads\/2022\/11\/SFSPCA-logo.png\",\"width\":469,\"height\":108,\"caption\":\"San Francisco SPCA\"},\"image\":{\"@id\":\"https:\/\/www.sfspca.org\/es\/#\/schema\/logo\/image\/\"},\"sameAs\":[\"https:\/\/www.facebook.com\/SFSPCA\",\"https:\/\/x.com\/sfspca\",\"http:\/\/instagram.com\/sanfranciscospca\",\"https:\/\/www.youtube.com\/user\/SanFranciscoSPCA\/\",\"https:\/\/www.linkedin.com\/company\/sfspca\"]}]}<\/script>\n<!-- \/ Yoast SEO plugin. -->","yoast_head_json":{"title":"Suscripci\u00f3n al correo electr\u00f3nico de oportunidades laborales - San Francisco SPCA","robots":{"index":"noindex","follow":"nofollow"},"og_locale":"es_ES","og_type":"article","og_title":"Suscripci\u00f3n al correo electr\u00f3nico de oportunidades laborales - San Francisco SPCA","og_description":"\u00a1Post\u00falate ahora para las oportunidades laborales de la SF SPCA! Suscr\u00edbete a nuestra lista de correo electr\u00f3nico hoy mismo para recibir actualizaciones exclusivas sobre nuestras oportunidades laborales, para que puedas [&hellip;]","og_url":"https:\/\/www.sfspca.org\/es\/suscripcion-al-correo-electronico-de-oportunidades-laborales-3\/","og_site_name":"San Francisco SPCA","article_publisher":"https:\/\/www.facebook.com\/SFSPCA","twitter_card":"summary_large_image","twitter_site":"@sfspca","schema":{"@context":"https:\/\/schema.org","@graph":[{"@type":"WebPage","@id":"https:\/\/www.sfspca.org\/es\/suscripcion-al-correo-electronico-de-oportunidades-laborales-3\/","url":"https:\/\/www.sfspca.org\/es\/suscripcion-al-correo-electronico-de-oportunidades-laborales-3\/","name":"Suscripci\u00f3n al correo electr\u00f3nico de oportunidades laborales - San Francisco SPCA","isPartOf":{"@id":"https:\/\/www.sfspca.org\/es\/#website"},"datePublished":"2025-01-17T17:59:11+00:00","breadcrumb":{"@id":"https:\/\/www.sfspca.org\/es\/suscripcion-al-correo-electronico-de-oportunidades-laborales-3\/#breadcrumb"},"inLanguage":"es","potentialAction":[{"@type":"ReadAction","target":["https:\/\/www.sfspca.org\/es\/suscripcion-al-correo-electronico-de-oportunidades-laborales-3\/"]}]},{"@type":"BreadcrumbList","@id":"https:\/\/www.sfspca.org\/es\/suscripcion-al-correo-electronico-de-oportunidades-laborales-3\/#breadcrumb","itemListElement":[{"@type":"ListItem","position":1,"name":"Home","item":"https:\/\/www.sfspca.org\/es\/"},{"@type":"ListItem","position":2,"name":"Suscripci\u00f3n al correo electr\u00f3nico de oportunidades laborales"}]},{"@type":"WebSite","@id":"https:\/\/www.sfspca.org\/es\/#website","url":"https:\/\/www.sfspca.org\/es\/","name":"San Francisco SPCA","description":"Caring for Animals Since 1868","publisher":{"@id":"https:\/\/www.sfspca.org\/es\/#organization"},"potentialAction":[{"@type":"SearchAction","target":{"@type":"EntryPoint","urlTemplate":"https:\/\/www.sfspca.org\/es\/?s={search_term_string}"},"query-input":{"@type":"PropertyValueSpecification","valueRequired":true,"valueName":"search_term_string"}}],"inLanguage":"es"},{"@type":"Organization","@id":"https:\/\/www.sfspca.org\/es\/#organization","name":"San Francisco SPCA","alternateName":"SF SPCA","url":"https:\/\/www.sfspca.org\/es\/","logo":{"@type":"ImageObject","inLanguage":"es","@id":"https:\/\/www.sfspca.org\/es\/#\/schema\/logo\/image\/","url":"https:\/\/www.sfspca.org\/wp-content\/uploads\/2022\/11\/SFSPCA-logo.png","contentUrl":"https:\/\/www.sfspca.org\/wp-content\/uploads\/2022\/11\/SFSPCA-logo.png","width":469,"height":108,"caption":"San Francisco SPCA"},"image":{"@id":"https:\/\/www.sfspca.org\/es\/#\/schema\/logo\/image\/"},"sameAs":["https:\/\/www.facebook.com\/SFSPCA","https:\/\/x.com\/sfspca","http:\/\/instagram.com\/sanfranciscospca","https:\/\/www.youtube.com\/user\/SanFranciscoSPCA\/","https:\/\/www.linkedin.com\/company\/sfspca"]}]}},"ticketed":false,"_links":{"self":[{"href":"https:\/\/www.sfspca.org\/es\/wp-json\/wp\/v2\/pages\/75260","targetHints":{"allow":["GET"]}}],"collection":[{"href":"https:\/\/www.sfspca.org\/es\/wp-json\/wp\/v2\/pages"}],"about":[{"href":"https:\/\/www.sfspca.org\/es\/wp-json\/wp\/v2\/types\/page"}],"author":[{"embeddable":true,"href":"https:\/\/www.sfspca.org\/es\/wp-json\/wp\/v2\/users\/9"}],"replies":[{"embeddable":true,"href":"https:\/\/www.sfspca.org\/es\/wp-json\/wp\/v2\/comments?post=75260"}],"version-history":[{"count":0,"href":"https:\/\/www.sfspca.org\/es\/wp-json\/wp\/v2\/pages\/75260\/revisions"}],"wp:attachment":[{"href":"https:\/\/www.sfspca.org\/es\/wp-json\/wp\/v2\/media?parent=75260"}],"curies":[{"name":"wp","href":"https:\/\/api.w.org\/{rel}","templated":true}]}}