{"id":68454,"date":"2024-10-29T16:51:26","date_gmt":"2024-10-29T23:51:26","guid":{"rendered":"https:\/\/www.sfspca.org\/?page_id=68454"},"modified":"2024-10-29T16:51:26","modified_gmt":"2024-10-29T23:51:26","slug":"apoya-la-pagina-de-donativos-de-fye24","status":"publish","type":"page","link":"https:\/\/www.sfspca.org\/es\/apoya-la-pagina-de-donativos-de-fye24\/","title":{"rendered":"Apoya la p\u00e1gina de donativos de FYE24"},"content":{"rendered":"\t\t<div data-elementor-type=\"wp-page\" data-elementor-id=\"68454\" class=\"elementor elementor-68454 elementor-68453\" data-elementor-post-type=\"page\">\n\t\t\t\t\t\t<section class=\"elementor-section elementor-top-section elementor-element elementor-element-38e30b09 spca-cards elementor-section-boxed elementor-section-height-default elementor-section-height-default\" data-id=\"38e30b09\" data-element_type=\"section\" data-e-type=\"section\">\n\t\t\t\t\t\t<div class=\"elementor-container elementor-column-gap-no\">\n\t\t\t\t\t<div class=\"elementor-column elementor-col-100 elementor-top-column elementor-element elementor-element-5d5a0764\" data-id=\"5d5a0764\" data-element_type=\"column\" data-e-type=\"column\">\n\t\t\t<div class=\"elementor-widget-wrap elementor-element-populated\">\n\t\t\t\t\t\t<div class=\"elementor-element elementor-element-ff1c71b elementor-widget__width-initial elementor-widget elementor-widget-image\" data-id=\"ff1c71b\" data-element_type=\"widget\" data-e-type=\"widget\" data-widget_type=\"image.default\">\n\t\t\t\t<div class=\"elementor-widget-container\">\n\t\t\t\t\t\t\t\t\t\t\t\t<figure class=\"wp-caption\">\n\t\t\t\t\t\t\t\t\t\t<img fetchpriority=\"high\" decoding=\"async\" width=\"1200\" height=\"600\" src=\"https:\/\/www.sfspca.org\/wp-content\/uploads\/2024\/05\/san-francisco-spca-hope-springs-eternal-3.jpg\" class=\"attachment-1536x1536 size-1536x1536 wp-image-53881\" alt=\"\" srcset=\"https:\/\/www.sfspca.org\/wp-content\/uploads\/2024\/05\/san-francisco-spca-hope-springs-eternal-3.jpg 1200w, https:\/\/www.sfspca.org\/wp-content\/uploads\/2024\/05\/san-francisco-spca-hope-springs-eternal-3-300x150.jpg 300w, https:\/\/www.sfspca.org\/wp-content\/uploads\/2024\/05\/san-francisco-spca-hope-springs-eternal-3-1024x512.jpg 1024w, https:\/\/www.sfspca.org\/wp-content\/uploads\/2024\/05\/san-francisco-spca-hope-springs-eternal-3-768x384.jpg 768w\" sizes=\"(max-width: 1200px) 100vw, 1200px\" \/>\t\t\t\t\t\t\t\t\t\t\t<figcaption class=\"widget-image-caption wp-caption-text\"><b>HOPE<\/b><br>adoptada en abril de 2024<\/figcaption>\n\t\t\t\t\t\t\t\t\t\t<\/figure>\n\t\t\t\t\t\t\t\t\t<\/div>\n\t\t\t\t<\/div>\n\t\t\t\t<section class=\"elementor-section elementor-inner-section elementor-element elementor-element-3bee3686 elementor-section-boxed elementor-section-height-default elementor-section-height-default\" data-id=\"3bee3686\" data-element_type=\"section\" data-e-type=\"section\">\n\t\t\t\t\t\t<div class=\"elementor-container elementor-column-gap-default\">\n\t\t\t\t\t<div class=\"elementor-column elementor-col-50 elementor-inner-column elementor-element elementor-element-5302423e\" data-id=\"5302423e\" data-element_type=\"column\" data-e-type=\"column\" data-settings=\"{&quot;background_background&quot;:&quot;classic&quot;}\">\n\t\t\t<div class=\"elementor-widget-wrap elementor-element-populated\">\n\t\t\t\t\t\t<div class=\"elementor-element elementor-element-601f0e22 elementor-widget elementor-widget-heading\" data-id=\"601f0e22\" data-element_type=\"widget\" data-e-type=\"widget\" data-widget_type=\"heading.default\">\n\t\t\t\t<div class=\"elementor-widget-container\">\n\t\t\t\t\t<h3 class=\"elementor-heading-title elementor-size-default\">Tu compasi\u00f3n y cari\u00f1o <br>traen esperanza a la vida de muchos   <\/h3>\t\t\t\t<\/div>\n\t\t\t\t<\/div>\n\t\t\t\t<div class=\"elementor-element elementor-element-1bc276 elementor-widget-divider--view-line elementor-widget elementor-widget-divider\" data-id=\"1bc276\" data-element_type=\"widget\" data-e-type=\"widget\" data-widget_type=\"divider.default\">\n\t\t\t\t<div class=\"elementor-widget-container\">\n\t\t\t\t\t\t\t<div class=\"elementor-divider\">\n\t\t\t<span class=\"elementor-divider-separator\">\n\t\t\t\t\t\t<\/span>\n\t\t<\/div>\n\t\t\t\t\t\t<\/div>\n\t\t\t\t<\/div>\n\t\t\t\t<div class=\"elementor-element elementor-element-43f68a76 elementor-widget__width-initial elementor-widget elementor-widget-text-editor\" data-id=\"43f68a76\" data-element_type=\"widget\" data-e-type=\"widget\" data-widget_type=\"text-editor.default\">\n\t\t\t\t<div class=\"elementor-widget-container\">\n\t\t\t\t\t\t\t\t\t\n<p><span class=\"TextRun SCXW232048394 BCX4\" lang=\"EN-US\" xml:lang=\"EN-US\" data-contrast=\"auto\"><span class=\"NormalTextRun SCXW232048394 BCX4\">Como pronto concluye nuestro a\u00f1o n\u00famero 156<\/span><\/span><span class=\"TextRun SCXW232048394 BCX4\" lang=\"EN-US\" xml:lang=\"EN-US\" data-contrast=\"auto\"><span class=\"NormalTextRun Superscript SCXW232048394 BCX4\" data-fontsize=\"11\"><\/span><\/span><span class=\"TextRun SCXW232048394 BCX4\" lang=\"EN-US\" xml:lang=\"EN-US\" data-contrast=\"auto\"><span class=\"NormalTextRun SCXW232048394 BCX4\"> de servicio, queremos agradecerte por tu apoyo y<\/span> <span class=\"NormalTextRun SCXW232048394 BCX4\">compromiso incondicionales con la SF SPCA. Entre los cientos de animales a nuestro cuidado, historias de resiliencia y amor como la de Hope iluminan nuestro ma\u00f1ana y nos llevan a seguir avanzando en nuestro movimiento por el bienestar animal<\/span><span class=\"NormalTextRun SCXW232048394 BCX4\">.\u00a0<\/span><span class=\"NormalTextRun SCXW232048394 BCX4\">Tu colaboraci\u00f3n garantiza m\u00e1s historias de triunfo en el futuro<\/span><span class=\"NormalTextRun SCXW232048394 BCX4\">.\u00a0<\/span><span class=\"NormalTextRun SCXW232048394 BCX4\">Considera la posibilidad de hacer el mejor aporte que puedas. Tu donativo podr\u00e1 ser igualado hasta 100,000 d\u00f3lares. De esta manera, se amplificar\u00e1 el impacto de tu generosidad junto a otros defensores de nuestros amigos peludos.<\/span><\/span><span class=\"EOP SCXW232048394 BCX4\" data-ccp-props=\"{&quot;134233117&quot;:false,&quot;134233118&quot;:false,&quot;201341983&quot;:0,&quot;335559738&quot;:0,&quot;335559739&quot;:0,&quot;335559740&quot;:279}\">\u00a0<\/span><\/p>\n\t\t\t\t\t\t\t\t<\/div>\n\t\t\t\t<\/div>\n\t\t\t\t<div class=\"elementor-element elementor-element-4bbfba9 elementor-widget elementor-widget-html\" data-id=\"4bbfba9\" data-element_type=\"widget\" data-e-type=\"widget\" data-widget_type=\"html.default\">\n\t\t\t\t<div class=\"elementor-widget-container\">\n\t\t\t\t\t<a href=\"#XGBXNRGY\" style=\"display: none\"><\/a> <script data-cookieconsent=\"\u201cignore\u201d\" async=\"true\" src=\"https:\/\/cdn.fundraiseup.com\/widget\/ALPSUTTK\"><\/script>\t\t\t\t<\/div>\n\t\t\t\t<\/div>\n\t\t\t\t\t<\/div>\n\t\t<\/div>\n\t\t\t\t<div class=\"elementor-column elementor-col-50 elementor-inner-column elementor-element elementor-element-2a90bced\" data-id=\"2a90bced\" data-element_type=\"column\" data-e-type=\"column\" data-settings=\"{&quot;background_background&quot;:&quot;classic&quot;}\">\n\t\t\t<div class=\"elementor-widget-wrap elementor-element-populated\">\n\t\t\t\t\t\t<div class=\"elementor-element elementor-element-c73b70f elementor-widget elementor-widget-video\" data-id=\"c73b70f\" data-element_type=\"widget\" data-e-type=\"widget\" data-settings=\"{&quot;youtube_url&quot;:&quot;https:\\\/\\\/youtu.be\\\/bIrAx-p0Omo&quot;,&quot;video_type&quot;:&quot;youtube&quot;,&quot;controls&quot;:&quot;yes&quot;}\" data-widget_type=\"video.default\">\n\t\t\t\t<div class=\"elementor-widget-container\">\n\t\t\t\t\t\t\t<div class=\"elementor-wrapper elementor-open-inline\">\n\t\t\t<div class=\"elementor-video\"><\/div>\t\t<\/div>\n\t\t\t\t\t\t<\/div>\n\t\t\t\t<\/div>\n\t\t\t\t<div class=\"elementor-element elementor-element-c29e6f9 elementor-widget__width-initial elementor-widget elementor-widget-text-editor\" data-id=\"c29e6f9\" data-element_type=\"widget\" data-e-type=\"widget\" data-widget_type=\"text-editor.default\">\n\t\t\t\t<div class=\"elementor-widget-container\">\n\t\t\t\t\t\t\t\t\t<p><span class=\"TextRun SCXW127128362 BCX4\" lang=\"EN-US\" xml:lang=\"EN-US\" data-contrast=\"auto\"><span class=\"NormalTextRun SCXW127128362 BCX4\">Tu colaboraci\u00f3n garantizar\u00e1 un mayor acceso a la atenci\u00f3n veterinaria en el \u00c1rea de la Bah\u00eda y en toda California<\/span><span class=\"NormalTextRun SCXW127128362 BCX4\">.\u00a0 <\/span><span class=\"NormalTextRun SCXW127128362 BCX4\">2023\/2024 ha sido un buen a\u00f1o para 5,000 animales abandonados<\/span><span class=\"NormalTextRun SCXW127128362 BCX4\">\u00a0\u00a0.<\/span> <\/span><\/p>\n\t\t\t\t\t\t\t\t<\/div>\n\t\t\t\t<\/div>\n\t\t\t\t<div class=\"elementor-element elementor-element-a6062eb elementor-widget__width-initial elementor-widget elementor-widget-text-editor\" data-id=\"a6062eb\" data-element_type=\"widget\" data-e-type=\"widget\" data-widget_type=\"text-editor.default\">\n\t\t\t\t<div class=\"elementor-widget-container\">\n\t\t\t\t\t\t\t\t\t<p><strong><span class=\"TextRun SCXW127128362 BCX4\" lang=\"EN-US\" xml:lang=\"EN-US\" data-contrast=\"auto\"><span class=\"NormalTextRun SCXW127128362 BCX4\">Hagamos<\/span><span class=\"NormalTextRun SCXW127128362 BCX4\">\u00a0m\u00e1s con tu apoyo.<\/span><\/span><span class=\"EOP SCXW127128362 BCX4\" data-ccp-props=\"{&quot;134233117&quot;:false,&quot;134233118&quot;:false,&quot;201341983&quot;:0,&quot;335559738&quot;:0,&quot;335559739&quot;:0,&quot;335559740&quot;:279}\">\u00a0<\/span><\/strong><\/p>\n\t\t\t\t\t\t\t\t<\/div>\n\t\t\t\t<\/div>\n\t\t\t\t<div class=\"elementor-element elementor-element-a8d95e3 elementor-widget elementor-widget-image\" data-id=\"a8d95e3\" data-element_type=\"widget\" data-e-type=\"widget\" data-widget_type=\"image.default\">\n\t\t\t\t<div class=\"elementor-widget-container\">\n\t\t\t\t\t\t\t\t\t\t\t\t\t\t\t<img decoding=\"async\" width=\"640\" height=\"640\" src=\"https:\/\/www.sfspca.org\/wp-content\/uploads\/2024\/05\/sf-spca-shelter-dog-hope-chewing-stick.jpg\" class=\"attachment-large size-large wp-image-53958\" alt=\"\" srcset=\"https:\/\/www.sfspca.org\/wp-content\/uploads\/2024\/05\/sf-spca-shelter-dog-hope-chewing-stick.jpg 640w, https:\/\/www.sfspca.org\/wp-content\/uploads\/2024\/05\/sf-spca-shelter-dog-hope-chewing-stick-300x300.jpg 300w, https:\/\/www.sfspca.org\/wp-content\/uploads\/2024\/05\/sf-spca-shelter-dog-hope-chewing-stick-150x150.jpg 150w\" sizes=\"(max-width: 640px) 100vw, 640px\" \/>\t\t\t\t\t\t\t\t\t\t\t\t\t\t\t<\/div>\n\t\t\t\t<\/div>\n\t\t\t\t\t<\/div>\n\t\t<\/div>\n\t\t\t\t\t<\/div>\n\t\t<\/section>\n\t\t\t\t\t<\/div>\n\t\t<\/div>\n\t\t\t\t\t<\/div>\n\t\t<\/section>\n\t\t\t\t<section class=\"elementor-section elementor-top-section elementor-element elementor-element-47a19ae elementor-section-height-min-height elementor-section-boxed elementor-section-height-default elementor-section-items-middle\" data-id=\"47a19ae\" data-element_type=\"section\" data-e-type=\"section\" data-settings=\"{&quot;background_background&quot;:&quot;classic&quot;}\">\n\t\t\t\t\t\t<div class=\"elementor-container elementor-column-gap-default\">\n\t\t\t\t\t<div class=\"elementor-column elementor-col-100 elementor-top-column elementor-element elementor-element-8171d94\" data-id=\"8171d94\" data-element_type=\"column\" data-e-type=\"column\">\n\t\t\t<div class=\"elementor-widget-wrap\">\n\t\t\t\t\t\t\t<\/div>\n\t\t<\/div>\n\t\t\t\t\t<\/div>\n\t\t<\/section>\n\t\t\t\t<\/div>\n\t\t","protected":false},"excerpt":{"rendered":"<p>HOPEadoptada en abril de 2024 Tu compasi\u00f3n y cari\u00f1o traen esperanza a la vida de muchos Como pronto concluye nuestro a\u00f1o n\u00famero 156 de servicio, queremos agradecerte por tu apoyo [&hellip;]<\/p>\n","protected":false},"author":2,"featured_media":0,"parent":0,"menu_order":0,"comment_status":"closed","ping_status":"closed","template":"","meta":{"_acf_changed":false,"om_disable_all_campaigns":false,"_relevanssi_hide_post":"","_relevanssi_hide_content":"","_relevanssi_pin_for_all":"","_relevanssi_pin_keywords":"","_relevanssi_unpin_keywords":"","_relevanssi_related_keywords":"","_relevanssi_related_include_ids":"","_relevanssi_related_exclude_ids":"","_relevanssi_related_no_append":"","_relevanssi_related_not_related":"","_relevanssi_related_posts":"","_relevanssi_noindex_reason":"","_price":"","_stock":"","_tribe_ticket_header":"","_tribe_default_ticket_provider":"","_tribe_ticket_capacity":"0","_ticket_start_date":"","_ticket_end_date":"","_tribe_ticket_show_description":"","_tribe_ticket_show_not_going":false,"_tribe_ticket_use_global_stock":"","_tribe_ticket_global_stock_level":"","_global_stock_mode":"","_global_stock_cap":"","_tribe_rsvp_for_event":"","_tribe_ticket_going_count":"","_tribe_ticket_not_going_count":"","_tribe_tickets_list":"[]","_tribe_ticket_has_attendee_info_fields":false,"footnotes":"","_tec_slr_enabled":"","_tec_slr_layout":""},"class_list":["post-68454","page","type-page","status-publish","hentry"],"acf":[],"yoast_head":"<!-- This site is optimized with the Yoast SEO plugin v27.2 - https:\/\/yoast.com\/product\/yoast-seo-wordpress\/ -->\n<title>Apoya la p\u00e1gina de donativos de FYE24 - San Francisco SPCA<\/title>\n<meta name=\"robots\" content=\"index, follow, max-snippet:-1, max-image-preview:large, max-video-preview:-1\" \/>\n<link rel=\"canonical\" href=\"https:\/\/www.sfspca.org\/es\/apoya-la-pagina-de-donativos-de-fye24\/\" \/>\n<meta property=\"og:locale\" content=\"es_ES\" \/>\n<meta property=\"og:type\" content=\"article\" \/>\n<meta property=\"og:title\" content=\"Apoya la p\u00e1gina de donativos de FYE24 - San Francisco SPCA\" \/>\n<meta property=\"og:description\" content=\"HOPEadoptada en abril de 2024 Tu compasi\u00f3n y cari\u00f1o traen esperanza a la vida de muchos Como pronto concluye nuestro a\u00f1o n\u00famero 156 de servicio, queremos agradecerte por tu apoyo [&hellip;]\" \/>\n<meta property=\"og:url\" content=\"https:\/\/www.sfspca.org\/es\/apoya-la-pagina-de-donativos-de-fye24\/\" \/>\n<meta property=\"og:site_name\" content=\"San Francisco SPCA\" \/>\n<meta property=\"article:publisher\" content=\"https:\/\/www.facebook.com\/SFSPCA\" \/>\n<meta property=\"og:image\" content=\"https:\/\/www.sfspca.org\/wp-content\/uploads\/2024\/05\/san-francisco-spca-hope-springs-eternal-3.jpg\" \/>\n<meta name=\"twitter:card\" content=\"summary_large_image\" \/>\n<meta name=\"twitter:site\" content=\"@sfspca\" \/>\n<script type=\"application\/ld+json\" class=\"yoast-schema-graph\">{\"@context\":\"https:\/\/schema.org\",\"@graph\":[{\"@type\":\"WebPage\",\"@id\":\"https:\/\/www.sfspca.org\/es\/apoya-la-pagina-de-donativos-de-fye24\/\",\"url\":\"https:\/\/www.sfspca.org\/es\/apoya-la-pagina-de-donativos-de-fye24\/\",\"name\":\"Apoya la p\u00e1gina de donativos de FYE24 - San Francisco SPCA\",\"isPartOf\":{\"@id\":\"https:\/\/www.sfspca.org\/es\/#website\"},\"primaryImageOfPage\":{\"@id\":\"https:\/\/www.sfspca.org\/es\/apoya-la-pagina-de-donativos-de-fye24\/#primaryimage\"},\"image\":{\"@id\":\"https:\/\/www.sfspca.org\/es\/apoya-la-pagina-de-donativos-de-fye24\/#primaryimage\"},\"thumbnailUrl\":\"https:\/\/www.sfspca.org\/wp-content\/uploads\/2024\/05\/san-francisco-spca-hope-springs-eternal-3.jpg\",\"datePublished\":\"2024-10-29T23:51:26+00:00\",\"breadcrumb\":{\"@id\":\"https:\/\/www.sfspca.org\/es\/apoya-la-pagina-de-donativos-de-fye24\/#breadcrumb\"},\"inLanguage\":\"es\",\"potentialAction\":[{\"@type\":\"ReadAction\",\"target\":[\"https:\/\/www.sfspca.org\/es\/apoya-la-pagina-de-donativos-de-fye24\/\"]}]},{\"@type\":\"ImageObject\",\"inLanguage\":\"es\",\"@id\":\"https:\/\/www.sfspca.org\/es\/apoya-la-pagina-de-donativos-de-fye24\/#primaryimage\",\"url\":\"https:\/\/www.sfspca.org\/wp-content\/uploads\/2024\/05\/san-francisco-spca-hope-springs-eternal-3.jpg\",\"contentUrl\":\"https:\/\/www.sfspca.org\/wp-content\/uploads\/2024\/05\/san-francisco-spca-hope-springs-eternal-3.jpg\"},{\"@type\":\"BreadcrumbList\",\"@id\":\"https:\/\/www.sfspca.org\/es\/apoya-la-pagina-de-donativos-de-fye24\/#breadcrumb\",\"itemListElement\":[{\"@type\":\"ListItem\",\"position\":1,\"name\":\"Home\",\"item\":\"https:\/\/www.sfspca.org\/es\/\"},{\"@type\":\"ListItem\",\"position\":2,\"name\":\"Apoya la p\u00e1gina de donativos de FYE24\"}]},{\"@type\":\"WebSite\",\"@id\":\"https:\/\/www.sfspca.org\/es\/#website\",\"url\":\"https:\/\/www.sfspca.org\/es\/\",\"name\":\"San Francisco SPCA\",\"description\":\"Caring for Animals Since 1868\",\"publisher\":{\"@id\":\"https:\/\/www.sfspca.org\/es\/#organization\"},\"potentialAction\":[{\"@type\":\"SearchAction\",\"target\":{\"@type\":\"EntryPoint\",\"urlTemplate\":\"https:\/\/www.sfspca.org\/es\/?s={search_term_string}\"},\"query-input\":{\"@type\":\"PropertyValueSpecification\",\"valueRequired\":true,\"valueName\":\"search_term_string\"}}],\"inLanguage\":\"es\"},{\"@type\":\"Organization\",\"@id\":\"https:\/\/www.sfspca.org\/es\/#organization\",\"name\":\"San Francisco SPCA\",\"alternateName\":\"SF SPCA\",\"url\":\"https:\/\/www.sfspca.org\/es\/\",\"logo\":{\"@type\":\"ImageObject\",\"inLanguage\":\"es\",\"@id\":\"https:\/\/www.sfspca.org\/es\/#\/schema\/logo\/image\/\",\"url\":\"https:\/\/www.sfspca.org\/wp-content\/uploads\/2022\/11\/SFSPCA-logo.png\",\"contentUrl\":\"https:\/\/www.sfspca.org\/wp-content\/uploads\/2022\/11\/SFSPCA-logo.png\",\"width\":469,\"height\":108,\"caption\":\"San Francisco SPCA\"},\"image\":{\"@id\":\"https:\/\/www.sfspca.org\/es\/#\/schema\/logo\/image\/\"},\"sameAs\":[\"https:\/\/www.facebook.com\/SFSPCA\",\"https:\/\/x.com\/sfspca\",\"http:\/\/instagram.com\/sanfranciscospca\",\"https:\/\/www.youtube.com\/user\/SanFranciscoSPCA\/\",\"https:\/\/www.linkedin.com\/company\/sfspca\"]}]}<\/script>\n<!-- \/ Yoast SEO plugin. -->","yoast_head_json":{"title":"Apoya la p\u00e1gina de donativos de FYE24 - San Francisco SPCA","robots":{"index":"index","follow":"follow","max-snippet":"max-snippet:-1","max-image-preview":"max-image-preview:large","max-video-preview":"max-video-preview:-1"},"canonical":"https:\/\/www.sfspca.org\/es\/apoya-la-pagina-de-donativos-de-fye24\/","og_locale":"es_ES","og_type":"article","og_title":"Apoya la p\u00e1gina de donativos de FYE24 - San Francisco SPCA","og_description":"HOPEadoptada en abril de 2024 Tu compasi\u00f3n y cari\u00f1o traen esperanza a la vida de muchos Como pronto concluye nuestro a\u00f1o n\u00famero 156 de servicio, queremos agradecerte por tu apoyo [&hellip;]","og_url":"https:\/\/www.sfspca.org\/es\/apoya-la-pagina-de-donativos-de-fye24\/","og_site_name":"San Francisco SPCA","article_publisher":"https:\/\/www.facebook.com\/SFSPCA","og_image":[{"url":"https:\/\/www.sfspca.org\/wp-content\/uploads\/2024\/05\/san-francisco-spca-hope-springs-eternal-3.jpg","type":"","width":"","height":""}],"twitter_card":"summary_large_image","twitter_site":"@sfspca","schema":{"@context":"https:\/\/schema.org","@graph":[{"@type":"WebPage","@id":"https:\/\/www.sfspca.org\/es\/apoya-la-pagina-de-donativos-de-fye24\/","url":"https:\/\/www.sfspca.org\/es\/apoya-la-pagina-de-donativos-de-fye24\/","name":"Apoya la p\u00e1gina de donativos de FYE24 - San Francisco SPCA","isPartOf":{"@id":"https:\/\/www.sfspca.org\/es\/#website"},"primaryImageOfPage":{"@id":"https:\/\/www.sfspca.org\/es\/apoya-la-pagina-de-donativos-de-fye24\/#primaryimage"},"image":{"@id":"https:\/\/www.sfspca.org\/es\/apoya-la-pagina-de-donativos-de-fye24\/#primaryimage"},"thumbnailUrl":"https:\/\/www.sfspca.org\/wp-content\/uploads\/2024\/05\/san-francisco-spca-hope-springs-eternal-3.jpg","datePublished":"2024-10-29T23:51:26+00:00","breadcrumb":{"@id":"https:\/\/www.sfspca.org\/es\/apoya-la-pagina-de-donativos-de-fye24\/#breadcrumb"},"inLanguage":"es","potentialAction":[{"@type":"ReadAction","target":["https:\/\/www.sfspca.org\/es\/apoya-la-pagina-de-donativos-de-fye24\/"]}]},{"@type":"ImageObject","inLanguage":"es","@id":"https:\/\/www.sfspca.org\/es\/apoya-la-pagina-de-donativos-de-fye24\/#primaryimage","url":"https:\/\/www.sfspca.org\/wp-content\/uploads\/2024\/05\/san-francisco-spca-hope-springs-eternal-3.jpg","contentUrl":"https:\/\/www.sfspca.org\/wp-content\/uploads\/2024\/05\/san-francisco-spca-hope-springs-eternal-3.jpg"},{"@type":"BreadcrumbList","@id":"https:\/\/www.sfspca.org\/es\/apoya-la-pagina-de-donativos-de-fye24\/#breadcrumb","itemListElement":[{"@type":"ListItem","position":1,"name":"Home","item":"https:\/\/www.sfspca.org\/es\/"},{"@type":"ListItem","position":2,"name":"Apoya la p\u00e1gina de donativos de FYE24"}]},{"@type":"WebSite","@id":"https:\/\/www.sfspca.org\/es\/#website","url":"https:\/\/www.sfspca.org\/es\/","name":"San Francisco SPCA","description":"Caring for Animals Since 1868","publisher":{"@id":"https:\/\/www.sfspca.org\/es\/#organization"},"potentialAction":[{"@type":"SearchAction","target":{"@type":"EntryPoint","urlTemplate":"https:\/\/www.sfspca.org\/es\/?s={search_term_string}"},"query-input":{"@type":"PropertyValueSpecification","valueRequired":true,"valueName":"search_term_string"}}],"inLanguage":"es"},{"@type":"Organization","@id":"https:\/\/www.sfspca.org\/es\/#organization","name":"San Francisco SPCA","alternateName":"SF SPCA","url":"https:\/\/www.sfspca.org\/es\/","logo":{"@type":"ImageObject","inLanguage":"es","@id":"https:\/\/www.sfspca.org\/es\/#\/schema\/logo\/image\/","url":"https:\/\/www.sfspca.org\/wp-content\/uploads\/2022\/11\/SFSPCA-logo.png","contentUrl":"https:\/\/www.sfspca.org\/wp-content\/uploads\/2022\/11\/SFSPCA-logo.png","width":469,"height":108,"caption":"San Francisco SPCA"},"image":{"@id":"https:\/\/www.sfspca.org\/es\/#\/schema\/logo\/image\/"},"sameAs":["https:\/\/www.facebook.com\/SFSPCA","https:\/\/x.com\/sfspca","http:\/\/instagram.com\/sanfranciscospca","https:\/\/www.youtube.com\/user\/SanFranciscoSPCA\/","https:\/\/www.linkedin.com\/company\/sfspca"]}]}},"ticketed":false,"_links":{"self":[{"href":"https:\/\/www.sfspca.org\/es\/wp-json\/wp\/v2\/pages\/68454","targetHints":{"allow":["GET"]}}],"collection":[{"href":"https:\/\/www.sfspca.org\/es\/wp-json\/wp\/v2\/pages"}],"about":[{"href":"https:\/\/www.sfspca.org\/es\/wp-json\/wp\/v2\/types\/page"}],"author":[{"embeddable":true,"href":"https:\/\/www.sfspca.org\/es\/wp-json\/wp\/v2\/users\/2"}],"replies":[{"embeddable":true,"href":"https:\/\/www.sfspca.org\/es\/wp-json\/wp\/v2\/comments?post=68454"}],"version-history":[{"count":0,"href":"https:\/\/www.sfspca.org\/es\/wp-json\/wp\/v2\/pages\/68454\/revisions"}],"wp:attachment":[{"href":"https:\/\/www.sfspca.org\/es\/wp-json\/wp\/v2\/media?parent=68454"}],"curies":[{"name":"wp","href":"https:\/\/api.w.org\/{rel}","templated":true}]}}