{"id":55654,"date":"2024-05-17T07:57:25","date_gmt":"2024-05-17T14:57:25","guid":{"rendered":"https:\/\/www.sfspca.org\/pagina-de-confirmacion-de-la-campana-de-fin-de-ano-fiscal-2024\/"},"modified":"2024-08-29T16:59:03","modified_gmt":"2024-08-29T23:59:03","slug":"pagina-de-confirmacion-de-la-campana-de-fin-de-ano-fiscal-2024","status":"publish","type":"page","link":"https:\/\/www.sfspca.org\/es\/pagina-de-confirmacion-de-la-campana-de-fin-de-ano-fiscal-2024\/","title":{"rendered":"P\u00e1gina de confirmaci\u00f3n de la campa\u00f1a de fin de a\u00f1o fiscal 2024"},"content":{"rendered":"\t\t<div data-elementor-type=\"wp-page\" data-elementor-id=\"55654\" class=\"elementor elementor-55654 elementor-38461\" data-elementor-post-type=\"page\">\n\t\t\t\t\t\t<section class=\"elementor-section elementor-top-section elementor-element elementor-element-3873c17 elementor-section-boxed elementor-section-height-default elementor-section-height-default\" data-id=\"3873c17\" data-element_type=\"section\" data-e-type=\"section\">\n\t\t\t\t\t\t<div class=\"elementor-container elementor-column-gap-default\">\n\t\t\t\t\t<div class=\"elementor-column elementor-col-100 elementor-top-column elementor-element elementor-element-8e54b89\" data-id=\"8e54b89\" data-element_type=\"column\" data-e-type=\"column\">\n\t\t\t<div class=\"elementor-widget-wrap elementor-element-populated\">\n\t\t\t\t\t\t<div class=\"elementor-element elementor-element-c940693 elementor-widget elementor-widget-heading\" data-id=\"c940693\" data-element_type=\"widget\" data-e-type=\"widget\" data-widget_type=\"heading.default\">\n\t\t\t\t<div class=\"elementor-widget-container\">\n\t\t\t\t\t<h2 class=\"elementor-heading-title elementor-size-default\">\u00a1Gracias!<\/h2>\t\t\t\t<\/div>\n\t\t\t\t<\/div>\n\t\t\t\t<div class=\"elementor-element elementor-element-2faaf06 elementor-widget elementor-widget-text-editor\" data-id=\"2faaf06\" data-element_type=\"widget\" data-e-type=\"widget\" data-widget_type=\"text-editor.default\">\n\t\t\t\t<div class=\"elementor-widget-container\">\n\t\t\t\t\t\t\t\t\t<p>\u00bfCorrer\u00e1s la voz sobre nuestro partido para que tengamos el mayor impacto posible? Diles a tus amigos y familiares en las redes sociales que se unan antes del 30\/6.<\/p>\n\t\t\t\t\t\t\t\t<\/div>\n\t\t\t\t<\/div>\n\t\t\t\t<div class=\"elementor-element elementor-element-82f5e8e elementor-share-buttons--view-icon elementor-share-buttons--skin-gradient elementor-share-buttons--shape-square elementor-grid-0 elementor-share-buttons--color-official elementor-widget elementor-widget-share-buttons\" data-id=\"82f5e8e\" data-element_type=\"widget\" data-e-type=\"widget\" data-settings=\"{&quot;share_url&quot;:{&quot;url&quot;:&quot;https:\\\/\\\/sfspca.donorsupport.co\\\/page\\\/2024fiscalyearend&quot;,&quot;is_external&quot;:&quot;&quot;,&quot;nofollow&quot;:&quot;&quot;,&quot;custom_attributes&quot;:&quot;&quot;}}\" data-widget_type=\"share-buttons.default\">\n\t\t\t\t<div class=\"elementor-widget-container\">\n\t\t\t\t\t\t\t<div class=\"elementor-grid\" role=\"list\">\n\t\t\t\t\t\t\t\t<div class=\"elementor-grid-item\" role=\"listitem\">\n\t\t\t\t\t\t<div class=\"elementor-share-btn elementor-share-btn_facebook\" role=\"button\" tabindex=\"0\" aria-label=\"Compartir en facebook\">\n\t\t\t\t\t\t\t\t\t\t\t\t\t\t\t<span class=\"elementor-share-btn__icon\">\n\t\t\t\t\t\t\t\t<i class=\"fab fa-facebook\" aria-hidden=\"true\"><\/i>\t\t\t\t\t\t\t<\/span>\n\t\t\t\t\t\t\t\t\t\t\t\t\t\t\t\t\t\t\t\t<\/div>\n\t\t\t\t\t<\/div>\n\t\t\t\t\t\t\t\t\t<div class=\"elementor-grid-item\" role=\"listitem\">\n\t\t\t\t\t\t<div class=\"elementor-share-btn elementor-share-btn_linkedin\" role=\"button\" tabindex=\"0\" aria-label=\"Compartir en linkedin\">\n\t\t\t\t\t\t\t\t\t\t\t\t\t\t\t<span class=\"elementor-share-btn__icon\">\n\t\t\t\t\t\t\t\t<i class=\"fab fa-linkedin\" aria-hidden=\"true\"><\/i>\t\t\t\t\t\t\t<\/span>\n\t\t\t\t\t\t\t\t\t\t\t\t\t\t\t\t\t\t\t\t<\/div>\n\t\t\t\t\t<\/div>\n\t\t\t\t\t\t\t\t\t<div class=\"elementor-grid-item\" role=\"listitem\">\n\t\t\t\t\t\t<div class=\"elementor-share-btn elementor-share-btn_twitter\" role=\"button\" tabindex=\"0\" aria-label=\"Compartir en twitter\">\n\t\t\t\t\t\t\t\t\t\t\t\t\t\t\t<span class=\"elementor-share-btn__icon\">\n\t\t\t\t\t\t\t\t<i class=\"fab fa-twitter\" aria-hidden=\"true\"><\/i>\t\t\t\t\t\t\t<\/span>\n\t\t\t\t\t\t\t\t\t\t\t\t\t\t\t\t\t\t\t\t<\/div>\n\t\t\t\t\t<\/div>\n\t\t\t\t\t\t\t\t\t<div class=\"elementor-grid-item\" role=\"listitem\">\n\t\t\t\t\t\t<div class=\"elementor-share-btn elementor-share-btn_email\" role=\"button\" tabindex=\"0\" aria-label=\"Compartir en email\">\n\t\t\t\t\t\t\t\t\t\t\t\t\t\t\t<span class=\"elementor-share-btn__icon\">\n\t\t\t\t\t\t\t\t<i class=\"fas fa-envelope\" aria-hidden=\"true\"><\/i>\t\t\t\t\t\t\t<\/span>\n\t\t\t\t\t\t\t\t\t\t\t\t\t\t\t\t\t\t\t\t<\/div>\n\t\t\t\t\t<\/div>\n\t\t\t\t\t\t<\/div>\n\t\t\t\t\t\t<\/div>\n\t\t\t\t<\/div>\n\t\t\t\t\t<\/div>\n\t\t<\/div>\n\t\t\t\t\t<\/div>\n\t\t<\/section>\n\t\t\t\t<\/div>\n\t\t","protected":false},"excerpt":{"rendered":"<p>\u00a1Gracias! \u00bfCorrer\u00e1s la voz sobre nuestro partido para que tengamos el mayor impacto posible? Diles a tus amigos y familiares en las redes sociales que se unan antes del 30\/6.<\/p>\n","protected":false},"author":2,"featured_media":0,"parent":0,"menu_order":0,"comment_status":"closed","ping_status":"closed","template":"","meta":{"_acf_changed":false,"om_disable_all_campaigns":false,"_relevanssi_hide_post":"","_relevanssi_hide_content":"","_relevanssi_pin_for_all":"","_relevanssi_pin_keywords":"","_relevanssi_unpin_keywords":"","_relevanssi_related_keywords":"","_relevanssi_related_include_ids":"","_relevanssi_related_exclude_ids":"","_relevanssi_related_no_append":"","_relevanssi_related_not_related":"","_relevanssi_related_posts":"","_relevanssi_noindex_reason":"","_price":"","_stock":"","_tribe_ticket_header":"","_tribe_default_ticket_provider":"","_tribe_ticket_capacity":"0","_ticket_start_date":"","_ticket_end_date":"","_tribe_ticket_show_description":"","_tribe_ticket_show_not_going":false,"_tribe_ticket_use_global_stock":"","_tribe_ticket_global_stock_level":"","_global_stock_mode":"","_global_stock_cap":"","_tribe_rsvp_for_event":"","_tribe_ticket_going_count":"","_tribe_ticket_not_going_count":"","_tribe_tickets_list":"[]","_tribe_ticket_has_attendee_info_fields":false,"footnotes":"","_tec_slr_enabled":"","_tec_slr_layout":""},"class_list":["post-55654","page","type-page","status-publish","hentry"],"acf":[],"yoast_head":"<!-- This site is optimized with the Yoast SEO plugin v27.2 - https:\/\/yoast.com\/product\/yoast-seo-wordpress\/ -->\n<title>P\u00e1gina de confirmaci\u00f3n de la campa\u00f1a de fin de a\u00f1o fiscal 2024 - San Francisco SPCA<\/title>\n<meta name=\"robots\" content=\"index, follow, max-snippet:-1, max-image-preview:large, max-video-preview:-1\" \/>\n<link rel=\"canonical\" href=\"https:\/\/www.sfspca.org\/es\/pagina-de-confirmacion-de-la-campana-de-fin-de-ano-fiscal-2024\/\" \/>\n<meta property=\"og:locale\" content=\"es_ES\" \/>\n<meta property=\"og:type\" content=\"article\" \/>\n<meta property=\"og:title\" content=\"P\u00e1gina de confirmaci\u00f3n de la campa\u00f1a de fin de a\u00f1o fiscal 2024 - San Francisco SPCA\" \/>\n<meta property=\"og:description\" content=\"\u00a1Gracias! \u00bfCorrer\u00e1s la voz sobre nuestro partido para que tengamos el mayor impacto posible? Diles a tus amigos y familiares en las redes sociales que se unan antes del 30\/6.\" \/>\n<meta property=\"og:url\" content=\"https:\/\/www.sfspca.org\/es\/pagina-de-confirmacion-de-la-campana-de-fin-de-ano-fiscal-2024\/\" \/>\n<meta property=\"og:site_name\" content=\"San Francisco SPCA\" \/>\n<meta property=\"article:publisher\" content=\"https:\/\/www.facebook.com\/SFSPCA\" \/>\n<meta property=\"article:modified_time\" content=\"2024-08-29T23:59:03+00:00\" \/>\n<meta name=\"twitter:card\" content=\"summary_large_image\" \/>\n<meta name=\"twitter:site\" content=\"@sfspca\" \/>\n<script type=\"application\/ld+json\" class=\"yoast-schema-graph\">{\"@context\":\"https:\/\/schema.org\",\"@graph\":[{\"@type\":\"WebPage\",\"@id\":\"https:\/\/www.sfspca.org\/es\/pagina-de-confirmacion-de-la-campana-de-fin-de-ano-fiscal-2024\/\",\"url\":\"https:\/\/www.sfspca.org\/es\/pagina-de-confirmacion-de-la-campana-de-fin-de-ano-fiscal-2024\/\",\"name\":\"P\u00e1gina de confirmaci\u00f3n de la campa\u00f1a de fin de a\u00f1o fiscal 2024 - San Francisco SPCA\",\"isPartOf\":{\"@id\":\"https:\/\/www.sfspca.org\/es\/#website\"},\"datePublished\":\"2024-05-17T14:57:25+00:00\",\"dateModified\":\"2024-08-29T23:59:03+00:00\",\"breadcrumb\":{\"@id\":\"https:\/\/www.sfspca.org\/es\/pagina-de-confirmacion-de-la-campana-de-fin-de-ano-fiscal-2024\/#breadcrumb\"},\"inLanguage\":\"es\",\"potentialAction\":[{\"@type\":\"ReadAction\",\"target\":[\"https:\/\/www.sfspca.org\/es\/pagina-de-confirmacion-de-la-campana-de-fin-de-ano-fiscal-2024\/\"]}]},{\"@type\":\"BreadcrumbList\",\"@id\":\"https:\/\/www.sfspca.org\/es\/pagina-de-confirmacion-de-la-campana-de-fin-de-ano-fiscal-2024\/#breadcrumb\",\"itemListElement\":[{\"@type\":\"ListItem\",\"position\":1,\"name\":\"Home\",\"item\":\"https:\/\/www.sfspca.org\/es\/\"},{\"@type\":\"ListItem\",\"position\":2,\"name\":\"P\u00e1gina de confirmaci\u00f3n de la campa\u00f1a de fin de a\u00f1o fiscal 2024\"}]},{\"@type\":\"WebSite\",\"@id\":\"https:\/\/www.sfspca.org\/es\/#website\",\"url\":\"https:\/\/www.sfspca.org\/es\/\",\"name\":\"San Francisco SPCA\",\"description\":\"Caring for Animals Since 1868\",\"publisher\":{\"@id\":\"https:\/\/www.sfspca.org\/es\/#organization\"},\"potentialAction\":[{\"@type\":\"SearchAction\",\"target\":{\"@type\":\"EntryPoint\",\"urlTemplate\":\"https:\/\/www.sfspca.org\/es\/?s={search_term_string}\"},\"query-input\":{\"@type\":\"PropertyValueSpecification\",\"valueRequired\":true,\"valueName\":\"search_term_string\"}}],\"inLanguage\":\"es\"},{\"@type\":\"Organization\",\"@id\":\"https:\/\/www.sfspca.org\/es\/#organization\",\"name\":\"San Francisco SPCA\",\"alternateName\":\"SF SPCA\",\"url\":\"https:\/\/www.sfspca.org\/es\/\",\"logo\":{\"@type\":\"ImageObject\",\"inLanguage\":\"es\",\"@id\":\"https:\/\/www.sfspca.org\/es\/#\/schema\/logo\/image\/\",\"url\":\"https:\/\/www.sfspca.org\/wp-content\/uploads\/2022\/11\/SFSPCA-logo.png\",\"contentUrl\":\"https:\/\/www.sfspca.org\/wp-content\/uploads\/2022\/11\/SFSPCA-logo.png\",\"width\":469,\"height\":108,\"caption\":\"San Francisco SPCA\"},\"image\":{\"@id\":\"https:\/\/www.sfspca.org\/es\/#\/schema\/logo\/image\/\"},\"sameAs\":[\"https:\/\/www.facebook.com\/SFSPCA\",\"https:\/\/x.com\/sfspca\",\"http:\/\/instagram.com\/sanfranciscospca\",\"https:\/\/www.youtube.com\/user\/SanFranciscoSPCA\/\",\"https:\/\/www.linkedin.com\/company\/sfspca\"]}]}<\/script>\n<!-- \/ Yoast SEO plugin. -->","yoast_head_json":{"title":"P\u00e1gina de confirmaci\u00f3n de la campa\u00f1a de fin de a\u00f1o fiscal 2024 - San Francisco SPCA","robots":{"index":"index","follow":"follow","max-snippet":"max-snippet:-1","max-image-preview":"max-image-preview:large","max-video-preview":"max-video-preview:-1"},"canonical":"https:\/\/www.sfspca.org\/es\/pagina-de-confirmacion-de-la-campana-de-fin-de-ano-fiscal-2024\/","og_locale":"es_ES","og_type":"article","og_title":"P\u00e1gina de confirmaci\u00f3n de la campa\u00f1a de fin de a\u00f1o fiscal 2024 - San Francisco SPCA","og_description":"\u00a1Gracias! \u00bfCorrer\u00e1s la voz sobre nuestro partido para que tengamos el mayor impacto posible? Diles a tus amigos y familiares en las redes sociales que se unan antes del 30\/6.","og_url":"https:\/\/www.sfspca.org\/es\/pagina-de-confirmacion-de-la-campana-de-fin-de-ano-fiscal-2024\/","og_site_name":"San Francisco SPCA","article_publisher":"https:\/\/www.facebook.com\/SFSPCA","article_modified_time":"2024-08-29T23:59:03+00:00","twitter_card":"summary_large_image","twitter_site":"@sfspca","schema":{"@context":"https:\/\/schema.org","@graph":[{"@type":"WebPage","@id":"https:\/\/www.sfspca.org\/es\/pagina-de-confirmacion-de-la-campana-de-fin-de-ano-fiscal-2024\/","url":"https:\/\/www.sfspca.org\/es\/pagina-de-confirmacion-de-la-campana-de-fin-de-ano-fiscal-2024\/","name":"P\u00e1gina de confirmaci\u00f3n de la campa\u00f1a de fin de a\u00f1o fiscal 2024 - San Francisco SPCA","isPartOf":{"@id":"https:\/\/www.sfspca.org\/es\/#website"},"datePublished":"2024-05-17T14:57:25+00:00","dateModified":"2024-08-29T23:59:03+00:00","breadcrumb":{"@id":"https:\/\/www.sfspca.org\/es\/pagina-de-confirmacion-de-la-campana-de-fin-de-ano-fiscal-2024\/#breadcrumb"},"inLanguage":"es","potentialAction":[{"@type":"ReadAction","target":["https:\/\/www.sfspca.org\/es\/pagina-de-confirmacion-de-la-campana-de-fin-de-ano-fiscal-2024\/"]}]},{"@type":"BreadcrumbList","@id":"https:\/\/www.sfspca.org\/es\/pagina-de-confirmacion-de-la-campana-de-fin-de-ano-fiscal-2024\/#breadcrumb","itemListElement":[{"@type":"ListItem","position":1,"name":"Home","item":"https:\/\/www.sfspca.org\/es\/"},{"@type":"ListItem","position":2,"name":"P\u00e1gina de confirmaci\u00f3n de la campa\u00f1a de fin de a\u00f1o fiscal 2024"}]},{"@type":"WebSite","@id":"https:\/\/www.sfspca.org\/es\/#website","url":"https:\/\/www.sfspca.org\/es\/","name":"San Francisco SPCA","description":"Caring for Animals Since 1868","publisher":{"@id":"https:\/\/www.sfspca.org\/es\/#organization"},"potentialAction":[{"@type":"SearchAction","target":{"@type":"EntryPoint","urlTemplate":"https:\/\/www.sfspca.org\/es\/?s={search_term_string}"},"query-input":{"@type":"PropertyValueSpecification","valueRequired":true,"valueName":"search_term_string"}}],"inLanguage":"es"},{"@type":"Organization","@id":"https:\/\/www.sfspca.org\/es\/#organization","name":"San Francisco SPCA","alternateName":"SF SPCA","url":"https:\/\/www.sfspca.org\/es\/","logo":{"@type":"ImageObject","inLanguage":"es","@id":"https:\/\/www.sfspca.org\/es\/#\/schema\/logo\/image\/","url":"https:\/\/www.sfspca.org\/wp-content\/uploads\/2022\/11\/SFSPCA-logo.png","contentUrl":"https:\/\/www.sfspca.org\/wp-content\/uploads\/2022\/11\/SFSPCA-logo.png","width":469,"height":108,"caption":"San Francisco SPCA"},"image":{"@id":"https:\/\/www.sfspca.org\/es\/#\/schema\/logo\/image\/"},"sameAs":["https:\/\/www.facebook.com\/SFSPCA","https:\/\/x.com\/sfspca","http:\/\/instagram.com\/sanfranciscospca","https:\/\/www.youtube.com\/user\/SanFranciscoSPCA\/","https:\/\/www.linkedin.com\/company\/sfspca"]}]}},"ticketed":false,"_links":{"self":[{"href":"https:\/\/www.sfspca.org\/es\/wp-json\/wp\/v2\/pages\/55654","targetHints":{"allow":["GET"]}}],"collection":[{"href":"https:\/\/www.sfspca.org\/es\/wp-json\/wp\/v2\/pages"}],"about":[{"href":"https:\/\/www.sfspca.org\/es\/wp-json\/wp\/v2\/types\/page"}],"author":[{"embeddable":true,"href":"https:\/\/www.sfspca.org\/es\/wp-json\/wp\/v2\/users\/2"}],"replies":[{"embeddable":true,"href":"https:\/\/www.sfspca.org\/es\/wp-json\/wp\/v2\/comments?post=55654"}],"version-history":[{"count":0,"href":"https:\/\/www.sfspca.org\/es\/wp-json\/wp\/v2\/pages\/55654\/revisions"}],"wp:attachment":[{"href":"https:\/\/www.sfspca.org\/es\/wp-json\/wp\/v2\/media?parent=55654"}],"curies":[{"name":"wp","href":"https:\/\/api.w.org\/{rel}","templated":true}]}}