{"id":55644,"date":"2024-04-05T16:42:15","date_gmt":"2024-04-05T23:42:15","guid":{"rendered":"https:\/\/www.sfspca.org\/estrategia-de-defensa\/"},"modified":"2024-08-29T16:59:42","modified_gmt":"2024-08-29T23:59:42","slug":"estrategia-de-defensa","status":"publish","type":"page","link":"https:\/\/www.sfspca.org\/es\/estrategia-de-defensa\/","title":{"rendered":"Estrategia de defensa"},"content":{"rendered":"\t\t<div data-elementor-type=\"wp-page\" data-elementor-id=\"55644\" class=\"elementor elementor-55644\" data-elementor-post-type=\"page\">\n\t\t\t\t\t\t<section class=\"elementor-section elementor-top-section elementor-element elementor-element-2187e911 elementor-section-height-min-height elementor-section-boxed elementor-section-height-default elementor-section-items-middle\" data-id=\"2187e911\" data-element_type=\"section\" data-e-type=\"section\" data-settings=\"{&quot;background_background&quot;:&quot;classic&quot;}\">\n\t\t\t\t\t\t<div class=\"elementor-container elementor-column-gap-default\">\n\t\t\t\t\t<div class=\"elementor-column elementor-col-100 elementor-top-column elementor-element elementor-element-40b52a09\" data-id=\"40b52a09\" data-element_type=\"column\" data-e-type=\"column\">\n\t\t\t<div class=\"elementor-widget-wrap\">\n\t\t\t\t\t\t\t<\/div>\n\t\t<\/div>\n\t\t\t\t\t<\/div>\n\t\t<\/section>\n\t\t\t\t<section class=\"elementor-section elementor-top-section elementor-element elementor-element-af6a05 spca-centered-text elementor-section-boxed elementor-section-height-default elementor-section-height-default\" data-id=\"af6a05\" data-element_type=\"section\" data-e-type=\"section\">\n\t\t\t\t\t\t<div class=\"elementor-container elementor-column-gap-default\">\n\t\t\t\t\t<div class=\"elementor-column elementor-col-100 elementor-top-column elementor-element elementor-element-3d47d7dd\" data-id=\"3d47d7dd\" data-element_type=\"column\" data-e-type=\"column\">\n\t\t\t<div class=\"elementor-widget-wrap elementor-element-populated\">\n\t\t\t\t\t\t<div class=\"elementor-element elementor-element-5ce0968 elementor-widget elementor-widget-heading\" data-id=\"5ce0968\" data-element_type=\"widget\" data-e-type=\"widget\" data-widget_type=\"heading.default\">\n\t\t\t\t<div class=\"elementor-widget-container\">\n\t\t\t\t\t<h2 class=\"elementor-heading-title elementor-size-default\">Estrategia de defensa de la SF SPCA de 2024<\/h2>\t\t\t\t<\/div>\n\t\t\t\t<\/div>\n\t\t\t\t<div class=\"elementor-element elementor-element-b2c2743 elementor-widget elementor-widget-text-editor\" data-id=\"b2c2743\" data-element_type=\"widget\" data-e-type=\"widget\" data-widget_type=\"text-editor.default\">\n\t\t\t\t<div class=\"elementor-widget-container\">\n\t\t\t\t\t\t\t\t\t<p>En este momento, la SF SPCA se esfuerza por resolver la crisis por escasez de profesionales veterinarios que estamos experimentando en California. Esta escasez tiene repercusiones perjudiciales para los refugios de animales y las comunidades desatendidas. Por ejemplo, la demanda de cirug\u00edas de esterilizaci\u00f3n\/castraci\u00f3n que salvan vidas supera con creces la capacidad de realizarlas, lo que limita la capacidad del p\u00fablico para adoptar y conduce a la saturaci\u00f3n de los refugios y al aumento de la superpoblaci\u00f3n de mascotas.<\/p>\n<p>La falta general de acceso a la atenci\u00f3n veterinaria, incluida la de urgencia, ha provocado retrasos en los tratamientos, la renuncia a llevar las mascotas a los refugios y un estr\u00e9s considerable para los refugios, los veterinarios en ejercicio, los t\u00e9cnicos veterinarios y los due\u00f1os de mascotas. La SF SPCA se compromete a seguir buscando y desarrollando soluciones para esta crisis y salvar, de esta manera, a los animales del sufrimiento.<\/p>\n<p>\u00bfTe gustar\u00eda ser la voz de los sin voz? Suscr\u00edbete a nuestras actualizaciones y alertas por correo electr\u00f3nico <a href=\"https:\/\/www.sfspca.org\/es\/suscribete\/\">aqu\u00ed<\/a>. Nos pondremos en contacto contigo cuando la legislaci\u00f3n se encuentre en una fase cr\u00edtica y tu voz pueda tener un impacto poderoso.<\/p>\n\t\t\t\t\t\t\t\t<\/div>\n\t\t\t\t<\/div>\n\t\t\t\t\t<\/div>\n\t\t<\/div>\n\t\t\t\t\t<\/div>\n\t\t<\/section>\n\t\t\t\t<\/div>\n\t\t","protected":false},"excerpt":{"rendered":"<p>Estrategia de defensa de la SF SPCA de 2024 En este momento, la SF SPCA se esfuerza por resolver la crisis por escasez de profesionales veterinarios que estamos experimentando en [&hellip;]<\/p>\n","protected":false},"author":2,"featured_media":0,"parent":0,"menu_order":0,"comment_status":"closed","ping_status":"closed","template":"","meta":{"_acf_changed":false,"om_disable_all_campaigns":false,"_relevanssi_hide_post":"","_relevanssi_hide_content":"","_relevanssi_pin_for_all":"","_relevanssi_pin_keywords":"","_relevanssi_unpin_keywords":"","_relevanssi_related_keywords":"","_relevanssi_related_include_ids":"","_relevanssi_related_exclude_ids":"","_relevanssi_related_no_append":"","_relevanssi_related_not_related":"","_relevanssi_related_posts":"","_relevanssi_noindex_reason":"","_price":"","_stock":"","_tribe_ticket_header":"","_tribe_default_ticket_provider":"","_tribe_ticket_capacity":"0","_ticket_start_date":"","_ticket_end_date":"","_tribe_ticket_show_description":"","_tribe_ticket_show_not_going":false,"_tribe_ticket_use_global_stock":"","_tribe_ticket_global_stock_level":"","_global_stock_mode":"","_global_stock_cap":"","_tribe_rsvp_for_event":"","_tribe_ticket_going_count":"","_tribe_ticket_not_going_count":"","_tribe_tickets_list":"[]","_tribe_ticket_has_attendee_info_fields":false,"footnotes":"","_tec_slr_enabled":"","_tec_slr_layout":""},"class_list":["post-55644","page","type-page","status-publish","hentry"],"acf":[],"yoast_head":"<!-- This site is optimized with the Yoast SEO plugin v27.4 - https:\/\/yoast.com\/product\/yoast-seo-wordpress\/ -->\n<title>Estrategia de defensa - San Francisco SPCA<\/title>\n<meta name=\"robots\" content=\"index, follow, max-snippet:-1, max-image-preview:large, max-video-preview:-1\" \/>\n<link rel=\"canonical\" href=\"https:\/\/www.sfspca.org\/es\/estrategia-de-defensa\/\" \/>\n<meta property=\"og:locale\" content=\"es_ES\" \/>\n<meta property=\"og:type\" content=\"article\" \/>\n<meta property=\"og:title\" content=\"Estrategia de defensa - San Francisco SPCA\" \/>\n<meta property=\"og:description\" content=\"Estrategia de defensa de la SF SPCA de 2024 En este momento, la SF SPCA se esfuerza por resolver la crisis por escasez de profesionales veterinarios que estamos experimentando en [&hellip;]\" \/>\n<meta property=\"og:url\" content=\"https:\/\/www.sfspca.org\/es\/estrategia-de-defensa\/\" \/>\n<meta property=\"og:site_name\" content=\"San Francisco SPCA\" \/>\n<meta property=\"article:publisher\" content=\"https:\/\/www.facebook.com\/SFSPCA\" \/>\n<meta property=\"article:modified_time\" content=\"2024-08-29T23:59:42+00:00\" \/>\n<meta name=\"twitter:card\" content=\"summary_large_image\" \/>\n<meta name=\"twitter:site\" content=\"@sfspca\" \/>\n<script type=\"application\/ld+json\" class=\"yoast-schema-graph\">{\"@context\":\"https:\\\/\\\/schema.org\",\"@graph\":[{\"@type\":\"WebPage\",\"@id\":\"https:\\\/\\\/www.sfspca.org\\\/es\\\/estrategia-de-defensa\\\/\",\"url\":\"https:\\\/\\\/www.sfspca.org\\\/es\\\/estrategia-de-defensa\\\/\",\"name\":\"Estrategia de defensa - San Francisco SPCA\",\"isPartOf\":{\"@id\":\"https:\\\/\\\/www.sfspca.org\\\/es\\\/#website\"},\"datePublished\":\"2024-04-05T23:42:15+00:00\",\"dateModified\":\"2024-08-29T23:59:42+00:00\",\"breadcrumb\":{\"@id\":\"https:\\\/\\\/www.sfspca.org\\\/es\\\/estrategia-de-defensa\\\/#breadcrumb\"},\"inLanguage\":\"es\",\"potentialAction\":[{\"@type\":\"ReadAction\",\"target\":[\"https:\\\/\\\/www.sfspca.org\\\/es\\\/estrategia-de-defensa\\\/\"]}]},{\"@type\":\"BreadcrumbList\",\"@id\":\"https:\\\/\\\/www.sfspca.org\\\/es\\\/estrategia-de-defensa\\\/#breadcrumb\",\"itemListElement\":[{\"@type\":\"ListItem\",\"position\":1,\"name\":\"Home\",\"item\":\"https:\\\/\\\/www.sfspca.org\\\/es\\\/\"},{\"@type\":\"ListItem\",\"position\":2,\"name\":\"Estrategia de defensa\"}]},{\"@type\":\"WebSite\",\"@id\":\"https:\\\/\\\/www.sfspca.org\\\/es\\\/#website\",\"url\":\"https:\\\/\\\/www.sfspca.org\\\/es\\\/\",\"name\":\"San Francisco SPCA\",\"description\":\"Caring for Animals Since 1868\",\"publisher\":{\"@id\":\"https:\\\/\\\/www.sfspca.org\\\/es\\\/#organization\"},\"potentialAction\":[{\"@type\":\"SearchAction\",\"target\":{\"@type\":\"EntryPoint\",\"urlTemplate\":\"https:\\\/\\\/www.sfspca.org\\\/es\\\/?s={search_term_string}\"},\"query-input\":{\"@type\":\"PropertyValueSpecification\",\"valueRequired\":true,\"valueName\":\"search_term_string\"}}],\"inLanguage\":\"es\"},{\"@type\":\"Organization\",\"@id\":\"https:\\\/\\\/www.sfspca.org\\\/es\\\/#organization\",\"name\":\"San Francisco SPCA\",\"alternateName\":\"SF SPCA\",\"url\":\"https:\\\/\\\/www.sfspca.org\\\/es\\\/\",\"logo\":{\"@type\":\"ImageObject\",\"inLanguage\":\"es\",\"@id\":\"https:\\\/\\\/www.sfspca.org\\\/es\\\/#\\\/schema\\\/logo\\\/image\\\/\",\"url\":\"https:\\\/\\\/www.sfspca.org\\\/wp-content\\\/uploads\\\/2022\\\/11\\\/SFSPCA-logo.png\",\"contentUrl\":\"https:\\\/\\\/www.sfspca.org\\\/wp-content\\\/uploads\\\/2022\\\/11\\\/SFSPCA-logo.png\",\"width\":469,\"height\":108,\"caption\":\"San Francisco SPCA\"},\"image\":{\"@id\":\"https:\\\/\\\/www.sfspca.org\\\/es\\\/#\\\/schema\\\/logo\\\/image\\\/\"},\"sameAs\":[\"https:\\\/\\\/www.facebook.com\\\/SFSPCA\",\"https:\\\/\\\/x.com\\\/sfspca\",\"http:\\\/\\\/instagram.com\\\/sanfranciscospca\",\"https:\\\/\\\/www.youtube.com\\\/user\\\/SanFranciscoSPCA\\\/\",\"https:\\\/\\\/www.linkedin.com\\\/company\\\/sfspca\"]}]}<\/script>\n<!-- \/ Yoast SEO plugin. -->","yoast_head_json":{"title":"Estrategia de defensa - San Francisco SPCA","robots":{"index":"index","follow":"follow","max-snippet":"max-snippet:-1","max-image-preview":"max-image-preview:large","max-video-preview":"max-video-preview:-1"},"canonical":"https:\/\/www.sfspca.org\/es\/estrategia-de-defensa\/","og_locale":"es_ES","og_type":"article","og_title":"Estrategia de defensa - San Francisco SPCA","og_description":"Estrategia de defensa de la SF SPCA de 2024 En este momento, la SF SPCA se esfuerza por resolver la crisis por escasez de profesionales veterinarios que estamos experimentando en [&hellip;]","og_url":"https:\/\/www.sfspca.org\/es\/estrategia-de-defensa\/","og_site_name":"San Francisco SPCA","article_publisher":"https:\/\/www.facebook.com\/SFSPCA","article_modified_time":"2024-08-29T23:59:42+00:00","twitter_card":"summary_large_image","twitter_site":"@sfspca","schema":{"@context":"https:\/\/schema.org","@graph":[{"@type":"WebPage","@id":"https:\/\/www.sfspca.org\/es\/estrategia-de-defensa\/","url":"https:\/\/www.sfspca.org\/es\/estrategia-de-defensa\/","name":"Estrategia de defensa - San Francisco SPCA","isPartOf":{"@id":"https:\/\/www.sfspca.org\/es\/#website"},"datePublished":"2024-04-05T23:42:15+00:00","dateModified":"2024-08-29T23:59:42+00:00","breadcrumb":{"@id":"https:\/\/www.sfspca.org\/es\/estrategia-de-defensa\/#breadcrumb"},"inLanguage":"es","potentialAction":[{"@type":"ReadAction","target":["https:\/\/www.sfspca.org\/es\/estrategia-de-defensa\/"]}]},{"@type":"BreadcrumbList","@id":"https:\/\/www.sfspca.org\/es\/estrategia-de-defensa\/#breadcrumb","itemListElement":[{"@type":"ListItem","position":1,"name":"Home","item":"https:\/\/www.sfspca.org\/es\/"},{"@type":"ListItem","position":2,"name":"Estrategia de defensa"}]},{"@type":"WebSite","@id":"https:\/\/www.sfspca.org\/es\/#website","url":"https:\/\/www.sfspca.org\/es\/","name":"San Francisco SPCA","description":"Caring for Animals Since 1868","publisher":{"@id":"https:\/\/www.sfspca.org\/es\/#organization"},"potentialAction":[{"@type":"SearchAction","target":{"@type":"EntryPoint","urlTemplate":"https:\/\/www.sfspca.org\/es\/?s={search_term_string}"},"query-input":{"@type":"PropertyValueSpecification","valueRequired":true,"valueName":"search_term_string"}}],"inLanguage":"es"},{"@type":"Organization","@id":"https:\/\/www.sfspca.org\/es\/#organization","name":"San Francisco SPCA","alternateName":"SF SPCA","url":"https:\/\/www.sfspca.org\/es\/","logo":{"@type":"ImageObject","inLanguage":"es","@id":"https:\/\/www.sfspca.org\/es\/#\/schema\/logo\/image\/","url":"https:\/\/www.sfspca.org\/wp-content\/uploads\/2022\/11\/SFSPCA-logo.png","contentUrl":"https:\/\/www.sfspca.org\/wp-content\/uploads\/2022\/11\/SFSPCA-logo.png","width":469,"height":108,"caption":"San Francisco SPCA"},"image":{"@id":"https:\/\/www.sfspca.org\/es\/#\/schema\/logo\/image\/"},"sameAs":["https:\/\/www.facebook.com\/SFSPCA","https:\/\/x.com\/sfspca","http:\/\/instagram.com\/sanfranciscospca","https:\/\/www.youtube.com\/user\/SanFranciscoSPCA\/","https:\/\/www.linkedin.com\/company\/sfspca"]}]}},"ticketed":false,"_links":{"self":[{"href":"https:\/\/www.sfspca.org\/es\/wp-json\/wp\/v2\/pages\/55644","targetHints":{"allow":["GET"]}}],"collection":[{"href":"https:\/\/www.sfspca.org\/es\/wp-json\/wp\/v2\/pages"}],"about":[{"href":"https:\/\/www.sfspca.org\/es\/wp-json\/wp\/v2\/types\/page"}],"author":[{"embeddable":true,"href":"https:\/\/www.sfspca.org\/es\/wp-json\/wp\/v2\/users\/2"}],"replies":[{"embeddable":true,"href":"https:\/\/www.sfspca.org\/es\/wp-json\/wp\/v2\/comments?post=55644"}],"version-history":[{"count":0,"href":"https:\/\/www.sfspca.org\/es\/wp-json\/wp\/v2\/pages\/55644\/revisions"}],"wp:attachment":[{"href":"https:\/\/www.sfspca.org\/es\/wp-json\/wp\/v2\/media?parent=55644"}],"curies":[{"name":"wp","href":"https:\/\/api.w.org\/{rel}","templated":true}]}}